{"id":221,"date":"2013-08-18T10:26:14","date_gmt":"2013-08-18T09:26:14","guid":{"rendered":"http:\/\/lcreation.fr\/?page_id=6"},"modified":"2016-12-21T23:07:31","modified_gmt":"2016-12-21T22:07:31","slug":"nouvelles","status":"publish","type":"page","link":"https:\/\/lcreation.fr\/en\/ecrits\/nouvelles\/","title":{"rendered":"Short Stories"},"content":{"rendered":"<p><\/p>\n<h2>2014<\/h2>\n<h3>Killer App<\/h3>\n<p>Fantastique \u2014 2 200 mots \u2014 parue dans <a href=\"http:\/\/lamatierenoire.net\/\">Short Stories Etc. n\u00b0 10 octobre 2014<\/a><\/p>\n<p>Deux amis de longue date se d\u00e9chirent autour d&#8217;un t\u00e9l\u00e9phone qui ne manque pas de mordant.<\/p>\n<h3>Le licenciement<\/h3>\n<p>Fantastique \u2014 4 100 mots \u2014 parue dans <a href=\"http:\/\/lamatierenoire.net\/\">Short Stories Etc. n\u00b0 8 ao\u00fbt 2014<\/a><\/p>\n<p><em>Jacques est pers\u00e9cut\u00e9 dans son boulot \u00e0 McDorade, son seul \u00e9chappatoire serait de d\u00e9missionner, ce qu&#8217;il ne peut se permettre car il a besoin d&#8217;avoir une rentr\u00e9e d&#8217;argent tous les mois. Il va donc chercher une solution alternative en conjurant des forces occultes issues de ses racines africaines. Liliane, sa jeune coll\u00e8gue, va se retrouver au milieu de son stratag\u00e8me et va devoir lutter pour \u00e9chapper au danger qui la guette.<\/em><\/p>\n<h2>2013<\/h2>\n<h3>CERN 2.0<\/h3>\n<p>SF \u2014 1 400 mots \u2014\u00a0 parue dans <a title=\"Amazing fanzine\" href=\"http:\/\/codeamazing.blogspot.fr\/\">Amazing<\/a> n\u00b0 1<\/p>\n<p><a href=\"http:\/\/codeamazing.blogspot.fr\/p\/amazing-n1.html\"><img loading=\"lazy\" class=\"alignnone size-full wp-image-364\" src=\"http:\/\/lcreation.fr\/wp-content\/uploads\/2013\/08\/Amazing-1-cover-Small1.jpg\" alt=\"Amazing n\u00b01 : jouer \u00e0 Dieu\" width=\"567\" height=\"362\" srcset=\"https:\/\/lcreation.fr\/wp-content\/uploads\/2013\/08\/Amazing-1-cover-Small1.jpg 567w, https:\/\/lcreation.fr\/wp-content\/uploads\/2013\/08\/Amazing-1-cover-Small1-500x319.jpg 500w\" sizes=\"(max-width: 567px) 100vw, 567px\" \/><\/a><\/p>\n<p><em>George est un jeune chercheur de 32 ans qui travaille au CERN sur les r\u00e9seaux de neurones artificiels, de puissants algorithmes capables d&#8217;apprendre par eux-m\u00eames. Au cours d&#8217;une exp\u00e9rience, l&#8217;un de ses r\u00e9seaux va faire preuve de surprenantes capacit\u00e9s d&#8217;apprentissage et s&#8217;en servir pour sceller le destin de l&#8217;humanit\u00e9 \u00e0 moyen terme.<\/em><\/p>\n<h3>La division Blague<\/h3>\n<p>Com\u00e9die \u2014 1 600 mots<\/p>\n<p><em>Trois employ\u00e9s responsables des blagues de la soci\u00e9t\u00e9 Camenbar apprennent qu&#8217;ils vont \u00eatre licenci\u00e9s. Ayant d\u00e9di\u00e9s leur mode de vie tout entier \u00e0 celui de l&#8217;entreprise, ils d\u00e9cident d&#8217;organiser leur r\u00e9sistance.<\/em><\/p>\n<h2>2011<\/h2>\n<h3>Schnortz<\/h3>\n<p>SF \u2014 3 700 mots \u2014 publi\u00e9e dans <a title=\"Lanfeust Mag\" href=\"http:\/\/www.lanfeustmag.com\/\">Lanfeust Mag<\/a> n\u00b0 143, <a title=\"L'Asile\" href=\"http:\/\/a-s-i-l-e.blogspot.fr\/\">L&#8217;Asile<\/a> n\u00b0 4 et <a title=\"AOC\" href=\"http:\/\/cms.presences-d-esprits.com\/publications\/aoc\">AOC<\/a> n\u00b0 20<\/p>\n<p><em>Le premier contact de la race humaine avec des aliens bienveillants a d\u00e9truit l&#8217;inspiration de John Hampton, un \u00e9crivain de science-fiction. Malgr\u00e9 sa haine \u00e0 leur \u00e9gard, il va devoir travailler avec l&#8217;un d&#8217;entre eux pour se remettre \u00e0 flot financi\u00e8rement.<\/em><\/p>\n<h2>2008<\/h2>\n<h3>Et ce jour-ci, je vis rouge<\/h3>\n<p>SF \u2014 1 900 mots<\/p>\n<p><em>Nouvelle \u00e9crite dans le cadre d&#8217;un concours dont le th\u00e8me \u00e9tait : \u00ab ROUGE \u00bb et qui contient de nombreux symboles li\u00e9s \u00e0 cette couleur.<\/em><\/p>\n<h2>2006<\/h2>\n<h3>La lumi\u00e8re noire subit un d\u00e9calage vers le rouge infini<\/h3>\n<p>SF \u2014 7 700 mots<\/p>\n<p><em>Alex et Denise ne se connaissent pas, ils vivent dans un monde dont le sens leur \u00e9chappe peu \u00e0 peu. C\u2019est un monde sans lumi\u00e8re o\u00f9 l\u2019humain se r\u00e9alise uniquement dans le travail et la consommation, o\u00f9 la publicit\u00e9 a remplac\u00e9 toute forme d\u2019art et o\u00f9 l\u2019existence elle-m\u00eame a pris une tournure absurde. Malgr\u00e9 tout, quelque chose de profond va les faire se ressaisir et questionner ce qui les entoure.<\/em><\/p>\n<h3>L&#8217;\u00c9ternel retour<\/h3>\n<p>Drame\/SF \u2014 6 600 mots<\/p>\n<p><em>Un homme apprend qu\u2019il peut mourir d\u2019une fa\u00e7on foudroyante \u00e0 n\u2019importe quel moment. Cette d\u00e9rangeante connaissance va le pousser \u00e0 faire des changements colossaux \u00e0 travers sa vie, mais son chemin prendra une tournure inattendue o\u00f9 la v\u00e9rit\u00e9 rev\u00eat des aspects bien \u00e9tranges.<\/em><\/p>\n<h3>Chute solaire<\/h3>\n<p>Fantastique \u2014 5 900 mots<\/p>\n<p><em>Un \u00e9tudiant fran\u00e7ais motiv\u00e9 par des raisons mystiques et musicales migre au nord de la Norv\u00e8ge. L\u00e0-bas, le froid de l\u2019hiver ressuscite ses anciennes fascinations pour l\u2019underground du pays et la nuit glaciale le pousse vers un malaise, entra\u00eenant l\u2019ensemble de ses motivations vers une irr\u00e9m\u00e9diable chute.<\/em><\/p>\n<h3>Brain Damage<\/h3>\n<p>Fantastique \u2014 2 900 mots<\/p>\n<p><em>Une histoire \u00e0 propos de la d\u00e9cr\u00e9pitude post-bac d&#8217;un jeune, de son d\u00e9tachement de la r\u00e9alit\u00e9, de son impossibilit\u00e9 de communiquer avec les autres, de sa solitude et de son admiration pour Pink Floyd.<\/em><\/p>\n<h3>Fatigue<\/h3>\n<p>Drame\u00a0\u2014 3 300 mots<\/p>\n<p><em>Alors que le bac approche, elle ne dort plus. Trop absorb\u00e9e par ses r\u00e9visions, elle n\u2019a pas de r\u00e9pit \u00e0 se donner. Elle doit continuer, travailler sans rel\u00e2che. Pourtant, cette apr\u00e8s-midi, elle a choisit exceptionnellement d\u2019aller en ville pour voir ses amis, elle ne comprend pas encore les raisons de son choix. Ce qu\u2019elle ne sait pas, c\u2019est qu\u2019elle ne fait qu\u2019amorcer la descente.<\/em><\/p>","protected":false},"excerpt":{"rendered":"<p>2014 Killer App Fantastique \u2014 2 200 mots \u2014 parue dans Short Stories Etc. n\u00b0 10 octobre 2014 Deux amis de longue date se d\u00e9chirent autour d&#8217;un t\u00e9l\u00e9phone qui ne manque pas de mordant. Le licenciement Fantastique \u2014 4 100 mots \u2014 parue dans Short Stories Etc. n\u00b0 8 ao\u00fbt 2014 Jacques est pers\u00e9cut\u00e9 dans [&hellip;]<\/p>\n","protected":false},"author":1,"featured_media":0,"parent":220,"menu_order":1,"comment_status":"closed","ping_status":"closed","template":"","meta":[],"_links":{"self":[{"href":"https:\/\/lcreation.fr\/en\/wp-json\/wp\/v2\/pages\/221"}],"collection":[{"href":"https:\/\/lcreation.fr\/en\/wp-json\/wp\/v2\/pages"}],"about":[{"href":"https:\/\/lcreation.fr\/en\/wp-json\/wp\/v2\/types\/page"}],"author":[{"embeddable":true,"href":"https:\/\/lcreation.fr\/en\/wp-json\/wp\/v2\/users\/1"}],"replies":[{"embeddable":true,"href":"https:\/\/lcreation.fr\/en\/wp-json\/wp\/v2\/comments?post=221"}],"version-history":[{"count":4,"href":"https:\/\/lcreation.fr\/en\/wp-json\/wp\/v2\/pages\/221\/revisions"}],"predecessor-version":[{"id":1243,"href":"https:\/\/lcreation.fr\/en\/wp-json\/wp\/v2\/pages\/221\/revisions\/1243"}],"up":[{"embeddable":true,"href":"https:\/\/lcreation.fr\/en\/wp-json\/wp\/v2\/pages\/220"}],"wp:attachment":[{"href":"https:\/\/lcreation.fr\/en\/wp-json\/wp\/v2\/media?parent=221"}],"curies":[{"name":"wp","href":"https:\/\/api.w.org\/{rel}","templated":true}]}}