{"id":1411,"date":"2019-05-12T15:36:55","date_gmt":"2019-05-12T14:36:55","guid":{"rendered":"http:\/\/lcreation.fr\/?page_id=1411"},"modified":"2021-06-08T17:51:54","modified_gmt":"2021-06-08T16:51:54","slug":"led-guitar","status":"publish","type":"page","link":"https:\/\/lcreation.fr\/en\/art-numerique\/performances\/led-guitar\/","title":{"rendered":"LED Guitar"},"content":{"rendered":"<p><\/p>\n<p class=\"western\">Using a tool I built myself \u2013 the LED Guitar, equipped with about 300 LEDs and several tactile sensors, but also an accelerometer, everything controller by an electronic chip I programmed \u2014 I interpret songs I mixed myself with light, where I synchronize with the music to enhance it with (flashy) colors.\u00a0 Like a concert\u00a0<em>for the eyes<\/em>, if you will.<\/p>\n<p>The performance happens in the dark, but the location will soon be saturated with vivid and syncopated lights. Atmosphere is garanteed.<\/p>\n<p class=\"western\">La performance s\u2019effectue dans le noir, mais le lieu sera vite satur\u00e9 de lumi\u00e8res vives et syncop\u00e9es. Ambiance garantie. Be advised: not for epileptics.<\/p>\n<p>Duration : from 5 to 15 min<\/p>\n<p style=\"text-align: center;\"><iframe loading=\"lazy\" title=\"YouTube video player\" src=\"https:\/\/www.youtube.com\/embed\/X29GnQhz6Xw\" width=\"560\" height=\"315\" frameborder=\"0\" allowfullscreen=\"allowfullscreen\"><\/iframe><\/p>\n<p style=\"text-align: center;\"><iframe loading=\"lazy\" title=\"YouTube video player\" src=\"https:\/\/www.youtube.com\/embed\/v9WK0o2FDvw\" width=\"560\" height=\"315\" frameborder=\"0\" allowfullscreen=\"allowfullscreen\"><\/iframe><\/p>\n<p style=\"text-align: center;\"><iframe loading=\"lazy\" title=\"YouTube video player\" src=\"https:\/\/www.youtube.com\/embed\/3JdncsiFZlw\" width=\"560\" height=\"315\" frameborder=\"0\" allowfullscreen=\"allowfullscreen\"><\/iframe><\/p>\n<p><\/p>","protected":false},"excerpt":{"rendered":"<p>Using a tool I built myself \u2013 the LED Guitar, equipped with about 300 LEDs and several tactile sensors, but also an accelerometer, everything controller by an electronic chip I programmed \u2014 I interpret songs I mixed myself with light, where I synchronize with the music to enhance it with (flashy) colors.\u00a0 Like a concert\u00a0for [&hellip;]<\/p>\n","protected":false},"author":1,"featured_media":0,"parent":1408,"menu_order":0,"comment_status":"closed","ping_status":"closed","template":"","meta":[],"_links":{"self":[{"href":"https:\/\/lcreation.fr\/en\/wp-json\/wp\/v2\/pages\/1411"}],"collection":[{"href":"https:\/\/lcreation.fr\/en\/wp-json\/wp\/v2\/pages"}],"about":[{"href":"https:\/\/lcreation.fr\/en\/wp-json\/wp\/v2\/types\/page"}],"author":[{"embeddable":true,"href":"https:\/\/lcreation.fr\/en\/wp-json\/wp\/v2\/users\/1"}],"replies":[{"embeddable":true,"href":"https:\/\/lcreation.fr\/en\/wp-json\/wp\/v2\/comments?post=1411"}],"version-history":[{"count":7,"href":"https:\/\/lcreation.fr\/en\/wp-json\/wp\/v2\/pages\/1411\/revisions"}],"predecessor-version":[{"id":1485,"href":"https:\/\/lcreation.fr\/en\/wp-json\/wp\/v2\/pages\/1411\/revisions\/1485"}],"up":[{"embeddable":true,"href":"https:\/\/lcreation.fr\/en\/wp-json\/wp\/v2\/pages\/1408"}],"wp:attachment":[{"href":"https:\/\/lcreation.fr\/en\/wp-json\/wp\/v2\/media?parent=1411"}],"curies":[{"name":"wp","href":"https:\/\/api.w.org\/{rel}","templated":true}]}}