{"id":1186,"date":"2016-12-21T19:03:59","date_gmt":"2016-12-21T18:03:59","guid":{"rendered":"http:\/\/lcreation.fr\/?page_id=1186"},"modified":"2021-06-10T14:30:25","modified_gmt":"2021-06-10T13:30:25","slug":"light-painting","status":"publish","type":"page","link":"https:\/\/lcreation.fr\/en\/photo\/light-painting\/","title":{"rendered":"Light Painting"},"content":{"rendered":"<p><\/p>\n<h2>Atmospheres<\/h2>\n\t\t<div style=\"clear:both\"><\/div>\n\t\t<div class=\"psgal_wrap\">\n\t\t\t<div id=\"psgal_1186_6\" data-psgal_id=\"1186_6\" data-psgal_container_id=\"container_1186_6\" data-psgal_thumbnail_width=\"250\" data-psgal_use_masonary=\"0\" class=\"psgal-inline psgal gallery-columns-4 gallery-size-thumbnail use_masonry_ show_captions_\" itemscope itemtype=\"http:\/\/schema.org\/ImageGallery\">\n\t\t\t\t\t\t\t\t\t\t<figure class=\"msnry_items\" itemscope itemtype=\"http:\/\/schema.org\/ImageObject\" style=\"width:250px;\">\n\t\t\t\t\t\t\t<a href=\"https:\/\/lcreation.fr\/wp-content\/uploads\/2016\/12\/SAM_4560-1280x853.jpg\" itemprop=\"contentUrl\" data-size=\"1280x853\" data-caption=\"Le Mur de Babylone \/ The Wall of Babylon\" style=\"height:159.84px;\">\n\t\t\t\t\t\t\t\t<img class=\"msnry_thumb\" src=\"https:\/\/lcreation.fr\/wp-content\/uploads\/2016\/12\/SAM_4560-600x400.jpg\" itemprop=\"thumbnail\" alt=\"\" \/>\n\t\t\t\t\t\t\t<\/a>\n\t\t\t\t\t\t\t\t\t\t\t\t\t\t<figcaption class=\"photoswipe-gallery-caption\" style=\"display:none;\">Le Mur de Babylone \/ The Wall of Babylon<\/figcaption>\n\n\t\t\t\t\t\t<\/figure>\n\t\t\t\t\t\t\t\t\t\t<figure class=\"msnry_items\" itemscope itemtype=\"http:\/\/schema.org\/ImageObject\" style=\"width:250px;\">\n\t\t\t\t\t\t\t<a href=\"https:\/\/lcreation.fr\/wp-content\/uploads\/2016\/12\/SAM_4660-1280x853.jpg\" itemprop=\"contentUrl\" data-size=\"1280x853\" data-caption=\"Cimeti\u00e8re de palettes II \/ Pallet Cemetary II\" style=\"height:159.84px;\">\n\t\t\t\t\t\t\t\t<img class=\"msnry_thumb\" src=\"https:\/\/lcreation.fr\/wp-content\/uploads\/2016\/12\/SAM_4660-600x400.jpg\" itemprop=\"thumbnail\" alt=\"\" \/>\n\t\t\t\t\t\t\t<\/a>\n\t\t\t\t\t\t\t\t\t\t\t\t\t\t<figcaption class=\"photoswipe-gallery-caption\" style=\"display:none;\">Cimeti\u00e8re de palettes II \/ Pallet Cemetary II<\/figcaption>\n\n\t\t\t\t\t\t<\/figure>\n\t\t\t\t\t\t\t\t\t\t<figure class=\"msnry_items\" itemscope itemtype=\"http:\/\/schema.org\/ImageObject\" style=\"width:250px;\">\n\t\t\t\t\t\t\t<a href=\"https:\/\/lcreation.fr\/wp-content\/uploads\/2016\/06\/08242313-1280x853.jpg\" itemprop=\"contentUrl\" data-size=\"1280x853\" data-caption=\"Roses \u00e0 deux dimensions (Two-dimensional Roses)\" style=\"height:159.84px;\">\n\t\t\t\t\t\t\t\t<img class=\"msnry_thumb\" src=\"https:\/\/lcreation.fr\/wp-content\/uploads\/2016\/06\/08242313-600x400.jpg\" itemprop=\"thumbnail\" alt=\"\" \/>\n\t\t\t\t\t\t\t<\/a>\n\t\t\t\t\t\t\t\t\t\t\t\t\t\t<figcaption class=\"photoswipe-gallery-caption\" style=\"display:none;\">Roses \u00e0 deux dimensions (Two-dimensional Roses)<\/figcaption>\n\n\t\t\t\t\t\t<\/figure>\n\t\t\t\t\t\t\t\t\t\t<figure class=\"msnry_items\" itemscope itemtype=\"http:\/\/schema.org\/ImageObject\" style=\"width:250px;\">\n\t\t\t\t\t\t\t<a href=\"https:\/\/lcreation.fr\/wp-content\/uploads\/2016\/12\/SAM_4559-1280x853.jpg\" itemprop=\"contentUrl\" data-size=\"1280x853\" data-caption=\"Cimeti\u00e8re de palettes I \/ Pallet Cemetary I\" style=\"height:159.84px;\">\n\t\t\t\t\t\t\t\t<img class=\"msnry_thumb\" src=\"https:\/\/lcreation.fr\/wp-content\/uploads\/2016\/12\/SAM_4559-600x400.jpg\" itemprop=\"thumbnail\" alt=\"\" \/>\n\t\t\t\t\t\t\t<\/a>\n\t\t\t\t\t\t\t\t\t\t\t\t\t\t<figcaption class=\"photoswipe-gallery-caption\" style=\"display:none;\">Cimeti\u00e8re de palettes I \/ Pallet Cemetary I<\/figcaption>\n\n\t\t\t\t\t\t<\/figure>\n\t\t\t\t\t\t\t\t\t\t<figure class=\"msnry_items\" itemscope itemtype=\"http:\/\/schema.org\/ImageObject\" style=\"width:250px;\">\n\t\t\t\t\t\t\t<a href=\"https:\/\/lcreation.fr\/wp-content\/uploads\/2016\/12\/15_atmosphere-1280x853.jpg\" itemprop=\"contentUrl\" data-size=\"1280x853\" data-caption=\"Le Portail (The Gateway)\" style=\"height:159.84px;\">\n\t\t\t\t\t\t\t\t<img class=\"msnry_thumb\" src=\"https:\/\/lcreation.fr\/wp-content\/uploads\/2016\/12\/15_atmosphere-600x400.jpg\" itemprop=\"thumbnail\" alt=\"\" \/>\n\t\t\t\t\t\t\t<\/a>\n\t\t\t\t\t\t\t\t\t\t\t\t\t\t<figcaption class=\"photoswipe-gallery-caption\" style=\"display:none;\">Le Portail (The Gateway)<\/figcaption>\n\n\t\t\t\t\t\t<\/figure>\n\t\t\t\t\t\t\t\t\t\t<figure class=\"msnry_items\" itemscope itemtype=\"http:\/\/schema.org\/ImageObject\" style=\"width:250px;\">\n\t\t\t\t\t\t\t<a href=\"https:\/\/lcreation.fr\/wp-content\/uploads\/2016\/12\/SAM_4440-1280x853.jpg\" itemprop=\"contentUrl\" data-size=\"1280x853\" data-caption=\"Vider son esprit comme pr\u00e9alable au sommeil \/ Sorting Your Mind Before Sleep\" style=\"height:159.84px;\">\n\t\t\t\t\t\t\t\t<img class=\"msnry_thumb\" src=\"https:\/\/lcreation.fr\/wp-content\/uploads\/2016\/12\/SAM_4440-600x400.jpg\" itemprop=\"thumbnail\" alt=\"\" \/>\n\t\t\t\t\t\t\t<\/a>\n\t\t\t\t\t\t\t\t\t\t\t\t\t\t<figcaption class=\"photoswipe-gallery-caption\" style=\"display:none;\">Vider son esprit comme pr\u00e9alable au sommeil \/ Sorting Your Mind Before Sleep<\/figcaption>\n\n\t\t\t\t\t\t<\/figure>\n\t\t\t\t\t\t\t\t\t\t<figure class=\"msnry_items\" itemscope itemtype=\"http:\/\/schema.org\/ImageObject\" style=\"width:250px;\">\n\t\t\t\t\t\t\t<a href=\"https:\/\/lcreation.fr\/wp-content\/uploads\/2016\/12\/rs_07285080-1280x853.jpg\" itemprop=\"contentUrl\" data-size=\"1280x853\" data-caption=\"In-A-Gadda-Da-Vida\" style=\"height:159.84px;\">\n\t\t\t\t\t\t\t\t<img class=\"msnry_thumb\" src=\"https:\/\/lcreation.fr\/wp-content\/uploads\/2016\/12\/rs_07285080-600x400.jpg\" itemprop=\"thumbnail\" alt=\"\" \/>\n\t\t\t\t\t\t\t<\/a>\n\t\t\t\t\t\t\t\t\t\t\t\t\t\t<figcaption class=\"photoswipe-gallery-caption\" style=\"display:none;\">In-A-Gadda-Da-Vida<\/figcaption>\n\n\t\t\t\t\t\t<\/figure>\n\t\t\t\t\t\t\t\t\t\t<figure class=\"msnry_items\" itemscope itemtype=\"http:\/\/schema.org\/ImageObject\" style=\"width:250px;\">\n\t\t\t\t\t\t\t<a href=\"https:\/\/lcreation.fr\/wp-content\/uploads\/2016\/12\/rs_05234947-1280x853.jpg\" itemprop=\"contentUrl\" data-size=\"1280x853\" data-caption=\"Divertissement offensif \/ Harming Fun\" style=\"height:159.84px;\">\n\t\t\t\t\t\t\t\t<img class=\"msnry_thumb\" src=\"https:\/\/lcreation.fr\/wp-content\/uploads\/2016\/12\/rs_05234947-600x400.jpg\" itemprop=\"thumbnail\" alt=\"\" \/>\n\t\t\t\t\t\t\t<\/a>\n\t\t\t\t\t\t\t\t\t\t\t\t\t\t<figcaption class=\"photoswipe-gallery-caption\" style=\"display:none;\">Divertissement offensif \/ Harming Fun<\/figcaption>\n\n\t\t\t\t\t\t<\/figure>\n\t\t\t\t\t\t\t\t\t\t<figure class=\"msnry_items\" itemscope itemtype=\"http:\/\/schema.org\/ImageObject\" style=\"width:250px;\">\n\t\t\t\t\t\t\t<a href=\"https:\/\/lcreation.fr\/wp-content\/uploads\/2016\/06\/08242307-1280x853.jpg\" itemprop=\"contentUrl\" data-size=\"1280x853\" data-caption=\"Bus \u00e0 d\u00e9fendre (Derelict Bus)\" style=\"height:159.84px;\">\n\t\t\t\t\t\t\t\t<img class=\"msnry_thumb\" src=\"https:\/\/lcreation.fr\/wp-content\/uploads\/2016\/06\/08242307-600x400.jpg\" itemprop=\"thumbnail\" alt=\"\" \/>\n\t\t\t\t\t\t\t<\/a>\n\t\t\t\t\t\t\t\t\t\t\t\t\t\t<figcaption class=\"photoswipe-gallery-caption\" style=\"display:none;\">Bus \u00e0 d\u00e9fendre (Derelict Bus)<\/figcaption>\n\n\t\t\t\t\t\t<\/figure>\n\t\t\t\t\t\t\t\t\t\t<figure class=\"msnry_items\" itemscope itemtype=\"http:\/\/schema.org\/ImageObject\" style=\"width:250px;\">\n\t\t\t\t\t\t\t<a href=\"https:\/\/lcreation.fr\/wp-content\/uploads\/2016\/12\/13_atmosphere-1280x853.jpg\" itemprop=\"contentUrl\" data-size=\"1280x853\" data-caption=\"Des tas d&#039;espoirs pour le futur (Stacks of Hope for the Future)\" style=\"height:159.84px;\">\n\t\t\t\t\t\t\t\t<img class=\"msnry_thumb\" src=\"https:\/\/lcreation.fr\/wp-content\/uploads\/2016\/12\/13_atmosphere-600x400.jpg\" itemprop=\"thumbnail\" alt=\"\" \/>\n\t\t\t\t\t\t\t<\/a>\n\t\t\t\t\t\t\t\t\t\t\t\t\t\t<figcaption class=\"photoswipe-gallery-caption\" style=\"display:none;\">Des tas d&#039;espoirs pour le futur (Stacks of Hope for the Future)<\/figcaption>\n\n\t\t\t\t\t\t<\/figure>\n\t\t\t\t\t\t\t\t\t\t<figure class=\"msnry_items\" itemscope itemtype=\"http:\/\/schema.org\/ImageObject\" style=\"width:250px;\">\n\t\t\t\t\t\t\t<a href=\"https:\/\/lcreation.fr\/wp-content\/uploads\/2016\/12\/SAM_4449-1280x853.jpg\" itemprop=\"contentUrl\" data-size=\"1280x853\" data-caption=\"R\u00e9veil psych\u00e9d\u00e9lique (Psychedelic Awakening)\" style=\"height:159.84px;\">\n\t\t\t\t\t\t\t\t<img class=\"msnry_thumb\" src=\"https:\/\/lcreation.fr\/wp-content\/uploads\/2016\/12\/SAM_4449-600x400.jpg\" itemprop=\"thumbnail\" alt=\"\" \/>\n\t\t\t\t\t\t\t<\/a>\n\t\t\t\t\t\t\t\t\t\t\t\t\t\t<figcaption class=\"photoswipe-gallery-caption\" style=\"display:none;\">R\u00e9veil psych\u00e9d\u00e9lique (Psychedelic Awakening)<\/figcaption>\n\n\t\t\t\t\t\t<\/figure>\n\t\t\t\t\t\t\t<\/div>\n\t\t<\/div>\n\t\t<div style='clear:both'><\/div>\n\n<h2>Tracing<\/h2>\n\t\t<div style=\"clear:both\"><\/div>\n\t\t<div class=\"psgal_wrap\">\n\t\t\t<div id=\"psgal_1186_7\" data-psgal_id=\"1186_7\" data-psgal_container_id=\"container_1186_7\" data-psgal_thumbnail_width=\"250\" data-psgal_use_masonary=\"0\" class=\"psgal-inline psgal gallery-columns-3 gallery-size-thumbnail use_masonry_ show_captions_\" itemscope itemtype=\"http:\/\/schema.org\/ImageGallery\">\n\t\t\t\t\t\t\t\t\t\t<figure class=\"msnry_items\" itemscope itemtype=\"http:\/\/schema.org\/ImageObject\" style=\"width:250px;\">\n\t\t\t\t\t\t\t<a href=\"https:\/\/lcreation.fr\/wp-content\/uploads\/2016\/12\/1_tracing-1280x853.jpg\" itemprop=\"contentUrl\" data-size=\"1280x853\" data-caption=\"Les Usines r\u00eavent-elles de moutons \u00e9lectriques ? (Do Factories Dream About Electric Sheep?)\" style=\"height:159.84px;\">\n\t\t\t\t\t\t\t\t<img class=\"msnry_thumb\" src=\"https:\/\/lcreation.fr\/wp-content\/uploads\/2016\/12\/1_tracing-600x400.jpg\" itemprop=\"thumbnail\" alt=\"\" \/>\n\t\t\t\t\t\t\t<\/a>\n\t\t\t\t\t\t\t\t\t\t\t\t\t\t<figcaption class=\"photoswipe-gallery-caption\" style=\"display:none;\">Les Usines r\u00eavent-elles de moutons \u00e9lectriques ? (Do Factories Dream About Electric Sheep?)<\/figcaption>\n\n\t\t\t\t\t\t<\/figure>\n\t\t\t\t\t\t\t\t\t\t<figure class=\"msnry_items\" itemscope itemtype=\"http:\/\/schema.org\/ImageObject\" style=\"width:250px;\">\n\t\t\t\t\t\t\t<a href=\"https:\/\/lcreation.fr\/wp-content\/uploads\/2016\/12\/3_tracing-1280x853.jpg\" itemprop=\"contentUrl\" data-size=\"1280x853\" data-caption=\"Tubes r\u00e9fl\u00e9chissants (Reflecting Tubes)\" style=\"height:159.84px;\">\n\t\t\t\t\t\t\t\t<img class=\"msnry_thumb\" src=\"https:\/\/lcreation.fr\/wp-content\/uploads\/2016\/12\/3_tracing-600x400.jpg\" itemprop=\"thumbnail\" alt=\"\" \/>\n\t\t\t\t\t\t\t<\/a>\n\t\t\t\t\t\t\t\t\t\t\t\t\t\t<figcaption class=\"photoswipe-gallery-caption\" style=\"display:none;\">Tubes r\u00e9fl\u00e9chissants (Reflecting Tubes)<\/figcaption>\n\n\t\t\t\t\t\t<\/figure>\n\t\t\t\t\t\t\t\t\t\t<figure class=\"msnry_items\" itemscope itemtype=\"http:\/\/schema.org\/ImageObject\" style=\"width:250px;\">\n\t\t\t\t\t\t\t<a href=\"https:\/\/lcreation.fr\/wp-content\/uploads\/2018\/09\/rs_07115924-1280x853.jpg\" itemprop=\"contentUrl\" data-size=\"1280x853\" data-caption=\"\" style=\"height:159.84px;\">\n\t\t\t\t\t\t\t\t<img class=\"msnry_thumb\" src=\"https:\/\/lcreation.fr\/wp-content\/uploads\/2018\/09\/rs_07115924-500x333.jpg\" itemprop=\"thumbnail\" alt=\"\" \/>\n\t\t\t\t\t\t\t<\/a>\n\t\t\t\t\t\t\t\t\t\t\t\t\t\t<figcaption class=\"photoswipe-gallery-caption\" style=\"display:none;\"><\/figcaption>\n\n\t\t\t\t\t\t<\/figure>\n\t\t\t\t\t\t\t\t\t\t<figure class=\"msnry_items\" itemscope itemtype=\"http:\/\/schema.org\/ImageObject\" style=\"width:250px;\">\n\t\t\t\t\t\t\t<a href=\"https:\/\/lcreation.fr\/wp-content\/uploads\/2016\/06\/08232286-1280x853.jpg\" itemprop=\"contentUrl\" data-size=\"1280x853\" data-caption=\"\" style=\"height:159.84px;\">\n\t\t\t\t\t\t\t\t<img class=\"msnry_thumb\" src=\"https:\/\/lcreation.fr\/wp-content\/uploads\/2016\/06\/08232286-600x400.jpg\" itemprop=\"thumbnail\" alt=\"\" \/>\n\t\t\t\t\t\t\t<\/a>\n\t\t\t\t\t\t\t\t\t\t\t\t\t\t<figcaption class=\"photoswipe-gallery-caption\" style=\"display:none;\"><\/figcaption>\n\n\t\t\t\t\t\t<\/figure>\n\t\t\t\t\t\t\t\t\t\t<figure class=\"msnry_items\" itemscope itemtype=\"http:\/\/schema.org\/ImageObject\" style=\"width:250px;\">\n\t\t\t\t\t\t\t<a href=\"https:\/\/lcreation.fr\/wp-content\/uploads\/2016\/12\/SAM_4567-1280x853.jpg\" itemprop=\"contentUrl\" data-size=\"1280x853\" data-caption=\"Tesla n&#039;est pas loin \/ Tesla&#039;s Near\" style=\"height:159.84px;\">\n\t\t\t\t\t\t\t\t<img class=\"msnry_thumb\" src=\"https:\/\/lcreation.fr\/wp-content\/uploads\/2016\/12\/SAM_4567-600x400.jpg\" itemprop=\"thumbnail\" alt=\"\" \/>\n\t\t\t\t\t\t\t<\/a>\n\t\t\t\t\t\t\t\t\t\t\t\t\t\t<figcaption class=\"photoswipe-gallery-caption\" style=\"display:none;\">Tesla n&#039;est pas loin \/ Tesla&#039;s Near<\/figcaption>\n\n\t\t\t\t\t\t<\/figure>\n\t\t\t\t\t\t\t\t\t\t<figure class=\"msnry_items\" itemscope itemtype=\"http:\/\/schema.org\/ImageObject\" style=\"width:250px;\">\n\t\t\t\t\t\t\t<a href=\"https:\/\/lcreation.fr\/wp-content\/uploads\/2016\/06\/06121813_lp-1280x853.jpg\" itemprop=\"contentUrl\" data-size=\"1280x853\" data-caption=\"\" style=\"height:159.84px;\">\n\t\t\t\t\t\t\t\t<img class=\"msnry_thumb\" src=\"https:\/\/lcreation.fr\/wp-content\/uploads\/2016\/06\/06121813_lp-600x400.jpg\" itemprop=\"thumbnail\" alt=\"\" \/>\n\t\t\t\t\t\t\t<\/a>\n\t\t\t\t\t\t\t\t\t\t\t\t\t\t<figcaption class=\"photoswipe-gallery-caption\" style=\"display:none;\"><\/figcaption>\n\n\t\t\t\t\t\t<\/figure>\n\t\t\t\t\t\t\t<\/div>\n\t\t<\/div>\n\t\t<div style='clear:both'><\/div>\n\n<h2>Portraits<\/h2>\n\t\t<div style=\"clear:both\"><\/div>\n\t\t<div class=\"psgal_wrap\">\n\t\t\t<div id=\"psgal_1186_8\" data-psgal_id=\"1186_8\" data-psgal_container_id=\"container_1186_8\" data-psgal_thumbnail_width=\"250\" data-psgal_use_masonary=\"0\" class=\"psgal-inline psgal gallery-columns-3 gallery-size-thumbnail use_masonry_ show_captions_\" itemscope itemtype=\"http:\/\/schema.org\/ImageGallery\">\n\t\t\t\t\t\t\t\t\t\t<figure class=\"msnry_items\" itemscope itemtype=\"http:\/\/schema.org\/ImageObject\" style=\"width:250px;\">\n\t\t\t\t\t\t\t<a href=\"https:\/\/lcreation.fr\/wp-content\/uploads\/2018\/07\/rs_11025394-1280x853.jpg\" itemprop=\"contentUrl\" data-size=\"1280x853\" data-caption=\"Arantxa\" style=\"height:159.84px;\">\n\t\t\t\t\t\t\t\t<img class=\"msnry_thumb\" src=\"https:\/\/lcreation.fr\/wp-content\/uploads\/2018\/07\/rs_11025394-600x400.jpg\" itemprop=\"thumbnail\" alt=\"\" \/>\n\t\t\t\t\t\t\t<\/a>\n\t\t\t\t\t\t\t\t\t\t\t\t\t\t<figcaption class=\"photoswipe-gallery-caption\" style=\"display:none;\">Arantxa<\/figcaption>\n\n\t\t\t\t\t\t<\/figure>\n\t\t\t\t\t\t\t\t\t\t<figure class=\"msnry_items\" itemscope itemtype=\"http:\/\/schema.org\/ImageObject\" style=\"width:250px;\">\n\t\t\t\t\t\t\t<a href=\"https:\/\/lcreation.fr\/wp-content\/uploads\/2018\/07\/rs_11135465-853x1280.jpg\" itemprop=\"contentUrl\" data-size=\"853x1280\" data-caption=\"Morgane\" style=\"height:360.36036036036px;\">\n\t\t\t\t\t\t\t\t<img class=\"msnry_thumb\" src=\"https:\/\/lcreation.fr\/wp-content\/uploads\/2018\/07\/rs_11135465-400x600.jpg\" itemprop=\"thumbnail\" alt=\"\" \/>\n\t\t\t\t\t\t\t<\/a>\n\t\t\t\t\t\t\t\t\t\t\t\t\t\t<figcaption class=\"photoswipe-gallery-caption\" style=\"display:none;\">Morgane<\/figcaption>\n\n\t\t\t\t\t\t<\/figure>\n\t\t\t\t\t\t\t\t\t\t<figure class=\"msnry_items\" itemscope itemtype=\"http:\/\/schema.org\/ImageObject\" style=\"width:250px;\">\n\t\t\t\t\t\t\t<a href=\"https:\/\/lcreation.fr\/wp-content\/uploads\/2016\/06\/06201844_lp-1280x853.jpg\" itemprop=\"contentUrl\" data-size=\"1280x853\" data-caption=\"Rocio\" style=\"height:159.84px;\">\n\t\t\t\t\t\t\t\t<img class=\"msnry_thumb\" src=\"https:\/\/lcreation.fr\/wp-content\/uploads\/2016\/06\/06201844_lp-600x400.jpg\" itemprop=\"thumbnail\" alt=\"\" \/>\n\t\t\t\t\t\t\t<\/a>\n\t\t\t\t\t\t\t\t\t\t\t\t\t\t<figcaption class=\"photoswipe-gallery-caption\" style=\"display:none;\">Rocio<\/figcaption>\n\n\t\t\t\t\t\t<\/figure>\n\t\t\t\t\t\t\t\t\t\t<figure class=\"msnry_items\" itemscope itemtype=\"http:\/\/schema.org\/ImageObject\" style=\"width:250px;\">\n\t\t\t\t\t\t\t<a href=\"https:\/\/lcreation.fr\/wp-content\/uploads\/2016\/06\/07011966_lp-1280x853.jpg\" itemprop=\"contentUrl\" data-size=\"1280x853\" data-caption=\"Blanca\" style=\"height:159.84px;\">\n\t\t\t\t\t\t\t\t<img class=\"msnry_thumb\" src=\"https:\/\/lcreation.fr\/wp-content\/uploads\/2016\/06\/07011966_lp-600x400.jpg\" itemprop=\"thumbnail\" alt=\"\" \/>\n\t\t\t\t\t\t\t<\/a>\n\t\t\t\t\t\t\t\t\t\t\t\t\t\t<figcaption class=\"photoswipe-gallery-caption\" style=\"display:none;\">Blanca<\/figcaption>\n\n\t\t\t\t\t\t<\/figure>\n\t\t\t\t\t\t\t\t\t\t<figure class=\"msnry_items\" itemscope itemtype=\"http:\/\/schema.org\/ImageObject\" style=\"width:250px;\">\n\t\t\t\t\t\t\t<a href=\"https:\/\/lcreation.fr\/wp-content\/uploads\/2016\/06\/06201850_lp-1280x853.jpg\" itemprop=\"contentUrl\" data-size=\"1280x853\" data-caption=\"Carmen\" style=\"height:159.84px;\">\n\t\t\t\t\t\t\t\t<img class=\"msnry_thumb\" src=\"https:\/\/lcreation.fr\/wp-content\/uploads\/2016\/06\/06201850_lp-600x400.jpg\" itemprop=\"thumbnail\" alt=\"\" \/>\n\t\t\t\t\t\t\t<\/a>\n\t\t\t\t\t\t\t\t\t\t\t\t\t\t<figcaption class=\"photoswipe-gallery-caption\" style=\"display:none;\">Carmen<\/figcaption>\n\n\t\t\t\t\t\t<\/figure>\n\t\t\t\t\t\t\t<\/div>\n\t\t<\/div>\n\t\t<div style='clear:both'><\/div>\n\n<h2>Abstracts<\/h2>\n\t\t<div style=\"clear:both\"><\/div>\n\t\t<div class=\"psgal_wrap\">\n\t\t\t<div id=\"psgal_1186_9\" data-psgal_id=\"1186_9\" data-psgal_container_id=\"container_1186_9\" data-psgal_thumbnail_width=\"250\" data-psgal_use_masonary=\"0\" class=\"psgal-inline psgal gallery-columns-3 gallery-size-thumbnail use_masonry_ show_captions_\" itemscope itemtype=\"http:\/\/schema.org\/ImageGallery\">\n\t\t\t\t\t\t\t\t\t\t<figure class=\"msnry_items\" itemscope itemtype=\"http:\/\/schema.org\/ImageObject\" style=\"width:250px;\">\n\t\t\t\t\t\t\t<a href=\"https:\/\/lcreation.fr\/wp-content\/uploads\/2016\/12\/SAM_4644-1280x853.jpg\" itemprop=\"contentUrl\" data-size=\"1280x853\" data-caption=\"Passage en douceur \/ Smooth Passage\" style=\"height:159.84px;\">\n\t\t\t\t\t\t\t\t<img class=\"msnry_thumb\" src=\"https:\/\/lcreation.fr\/wp-content\/uploads\/2016\/12\/SAM_4644-600x400.jpg\" itemprop=\"thumbnail\" alt=\"\" \/>\n\t\t\t\t\t\t\t<\/a>\n\t\t\t\t\t\t\t\t\t\t\t\t\t\t<figcaption class=\"photoswipe-gallery-caption\" style=\"display:none;\">Passage en douceur \/ Smooth Passage<\/figcaption>\n\n\t\t\t\t\t\t<\/figure>\n\t\t\t\t\t\t\t\t\t\t<figure class=\"msnry_items\" itemscope itemtype=\"http:\/\/schema.org\/ImageObject\" style=\"width:250px;\">\n\t\t\t\t\t\t\t<a href=\"https:\/\/lcreation.fr\/wp-content\/uploads\/2018\/07\/rs_4_abstract-1280x853.jpg\" itemprop=\"contentUrl\" data-size=\"1280x853\" data-caption=\"\u00c9clairs d&#039;inspiration \/ Stroke of Insight\" style=\"height:159.84px;\">\n\t\t\t\t\t\t\t\t<img class=\"msnry_thumb\" src=\"https:\/\/lcreation.fr\/wp-content\/uploads\/2018\/07\/rs_4_abstract-600x400.jpg\" itemprop=\"thumbnail\" alt=\"\" \/>\n\t\t\t\t\t\t\t<\/a>\n\t\t\t\t\t\t\t\t\t\t\t\t\t\t<figcaption class=\"photoswipe-gallery-caption\" style=\"display:none;\">\u00c9clairs d&#039;inspiration \/ Stroke of Insight<\/figcaption>\n\n\t\t\t\t\t\t<\/figure>\n\t\t\t\t\t\t\t\t\t\t<figure class=\"msnry_items\" itemscope itemtype=\"http:\/\/schema.org\/ImageObject\" style=\"width:250px;\">\n\t\t\t\t\t\t\t<a href=\"https:\/\/lcreation.fr\/wp-content\/uploads\/2018\/07\/rs_5_abstract-853x1280.jpg\" itemprop=\"contentUrl\" data-size=\"853x1280\" data-caption=\"Chiasme optique \/ Optic Chiasma\" style=\"height:360.36036036036px;\">\n\t\t\t\t\t\t\t\t<img class=\"msnry_thumb\" src=\"https:\/\/lcreation.fr\/wp-content\/uploads\/2018\/07\/rs_5_abstract-400x600.jpg\" itemprop=\"thumbnail\" alt=\"\" \/>\n\t\t\t\t\t\t\t<\/a>\n\t\t\t\t\t\t\t\t\t\t\t\t\t\t<figcaption class=\"photoswipe-gallery-caption\" style=\"display:none;\">Chiasme optique \/ Optic Chiasma<\/figcaption>\n\n\t\t\t\t\t\t<\/figure>\n\t\t\t\t\t\t\t\t\t\t<figure class=\"msnry_items\" itemscope itemtype=\"http:\/\/schema.org\/ImageObject\" style=\"width:250px;\">\n\t\t\t\t\t\t\t<a href=\"https:\/\/lcreation.fr\/wp-content\/uploads\/2018\/09\/rs_07122006-1280x853.jpg\" itemprop=\"contentUrl\" data-size=\"1280x853\" data-caption=\"\" style=\"height:159.84px;\">\n\t\t\t\t\t\t\t\t<img class=\"msnry_thumb\" src=\"https:\/\/lcreation.fr\/wp-content\/uploads\/2018\/09\/rs_07122006-500x333.jpg\" itemprop=\"thumbnail\" alt=\"\" \/>\n\t\t\t\t\t\t\t<\/a>\n\t\t\t\t\t\t\t\t\t\t\t\t\t\t<figcaption class=\"photoswipe-gallery-caption\" style=\"display:none;\"><\/figcaption>\n\n\t\t\t\t\t\t<\/figure>\n\t\t\t\t\t\t\t\t\t\t<figure class=\"msnry_items\" itemscope itemtype=\"http:\/\/schema.org\/ImageObject\" style=\"width:250px;\">\n\t\t\t\t\t\t\t<a href=\"https:\/\/lcreation.fr\/wp-content\/uploads\/2016\/12\/rs_07305124-1280x853.jpg\" itemprop=\"contentUrl\" data-size=\"1280x853\" data-caption=\"Color\u00e9 mais vide de sens \/ Colorful But Empty of Meaning\" style=\"height:159.84px;\">\n\t\t\t\t\t\t\t\t<img class=\"msnry_thumb\" src=\"https:\/\/lcreation.fr\/wp-content\/uploads\/2016\/12\/rs_07305124-600x400.jpg\" itemprop=\"thumbnail\" alt=\"\" \/>\n\t\t\t\t\t\t\t<\/a>\n\t\t\t\t\t\t\t\t\t\t\t\t\t\t<figcaption class=\"photoswipe-gallery-caption\" style=\"display:none;\">Color\u00e9 mais vide de sens \/ Colorful But Empty of Meaning<\/figcaption>\n\n\t\t\t\t\t\t<\/figure>\n\t\t\t\t\t\t\t<\/div>\n\t\t<\/div>\n\t\t<div style='clear:both'><\/div>\n\n<h2>Pixel Art<\/h2>\n\t\t<div style=\"clear:both\"><\/div>\n\t\t<div class=\"psgal_wrap\">\n\t\t\t<div id=\"psgal_1186_10\" data-psgal_id=\"1186_10\" data-psgal_container_id=\"container_1186_10\" data-psgal_thumbnail_width=\"250\" data-psgal_use_masonary=\"0\" class=\"psgal-inline psgal gallery-columns-3 gallery-size-thumbnail use_masonry_ show_captions_\" itemscope itemtype=\"http:\/\/schema.org\/ImageGallery\">\n\t\t\t\t\t\t\t\t\t\t<figure class=\"msnry_items\" itemscope itemtype=\"http:\/\/schema.org\/ImageObject\" style=\"width:250px;\">\n\t\t\t\t\t\t\t<a href=\"https:\/\/lcreation.fr\/wp-content\/uploads\/2016\/12\/SAM_4574-1280x853.jpg\" itemprop=\"contentUrl\" data-size=\"1280x853\" data-caption=\"Beware the Boo Brigade\" style=\"height:159.84px;\">\n\t\t\t\t\t\t\t\t<img class=\"msnry_thumb\" src=\"https:\/\/lcreation.fr\/wp-content\/uploads\/2016\/12\/SAM_4574-600x400.jpg\" itemprop=\"thumbnail\" alt=\"\" \/>\n\t\t\t\t\t\t\t<\/a>\n\t\t\t\t\t\t\t\t\t\t\t\t\t\t<figcaption class=\"photoswipe-gallery-caption\" style=\"display:none;\">Beware the Boo Brigade<\/figcaption>\n\n\t\t\t\t\t\t<\/figure>\n\t\t\t\t\t\t\t\t\t\t<figure class=\"msnry_items\" itemscope itemtype=\"http:\/\/schema.org\/ImageObject\" style=\"width:250px;\">\n\t\t\t\t\t\t\t<a href=\"https:\/\/lcreation.fr\/wp-content\/uploads\/2016\/12\/SAM_4615-1280x853.jpg\" itemprop=\"contentUrl\" data-size=\"1280x853\" data-caption=\"Bowser appara\u00eet ! \/ Bowser Appears!\" style=\"height:159.84px;\">\n\t\t\t\t\t\t\t\t<img class=\"msnry_thumb\" src=\"https:\/\/lcreation.fr\/wp-content\/uploads\/2016\/12\/SAM_4615-600x400.jpg\" itemprop=\"thumbnail\" alt=\"\" \/>\n\t\t\t\t\t\t\t<\/a>\n\t\t\t\t\t\t\t\t\t\t\t\t\t\t<figcaption class=\"photoswipe-gallery-caption\" style=\"display:none;\">Bowser appara\u00eet ! \/ Bowser Appears!<\/figcaption>\n\n\t\t\t\t\t\t<\/figure>\n\t\t\t\t\t\t\t\t\t\t<figure class=\"msnry_items\" itemscope itemtype=\"http:\/\/schema.org\/ImageObject\" style=\"width:250px;\">\n\t\t\t\t\t\t\t<a href=\"https:\/\/lcreation.fr\/wp-content\/uploads\/2016\/06\/07212054-1280x853.jpg\" itemprop=\"contentUrl\" data-size=\"1280x853\" data-caption=\"Nyan Cat Passing By\" style=\"height:159.84px;\">\n\t\t\t\t\t\t\t\t<img class=\"msnry_thumb\" src=\"https:\/\/lcreation.fr\/wp-content\/uploads\/2016\/06\/07212054-600x400.jpg\" itemprop=\"thumbnail\" alt=\"\" \/>\n\t\t\t\t\t\t\t<\/a>\n\t\t\t\t\t\t\t\t\t\t\t\t\t\t<figcaption class=\"photoswipe-gallery-caption\" style=\"display:none;\">Nyan Cat Passing By<\/figcaption>\n\n\t\t\t\t\t\t<\/figure>\n\t\t\t\t\t\t\t\t\t\t<figure class=\"msnry_items\" itemscope itemtype=\"http:\/\/schema.org\/ImageObject\" style=\"width:250px;\">\n\t\t\t\t\t\t\t<a href=\"https:\/\/lcreation.fr\/wp-content\/uploads\/2016\/06\/07282167-1280x853.jpg\" itemprop=\"contentUrl\" data-size=\"1280x853\" data-caption=\"Pok\u00e9mon Gathering at the Parking Lot\" style=\"height:159.84px;\">\n\t\t\t\t\t\t\t\t<img class=\"msnry_thumb\" src=\"https:\/\/lcreation.fr\/wp-content\/uploads\/2016\/06\/07282167-600x400.jpg\" itemprop=\"thumbnail\" alt=\"\" \/>\n\t\t\t\t\t\t\t<\/a>\n\t\t\t\t\t\t\t\t\t\t\t\t\t\t<figcaption class=\"photoswipe-gallery-caption\" style=\"display:none;\">Pok\u00e9mon Gathering at the Parking Lot<\/figcaption>\n\n\t\t\t\t\t\t<\/figure>\n\t\t\t\t\t\t\t\t\t\t<figure class=\"msnry_items\" itemscope itemtype=\"http:\/\/schema.org\/ImageObject\" style=\"width:250px;\">\n\t\t\t\t\t\t\t<a href=\"https:\/\/lcreation.fr\/wp-content\/uploads\/2016\/12\/12_image-1280x853.jpg\" itemprop=\"contentUrl\" data-size=\"1280x853\" data-caption=\"Super Mario joue dans le grenier (Super Mario Playing in the Attic)\" style=\"height:159.84px;\">\n\t\t\t\t\t\t\t\t<img class=\"msnry_thumb\" src=\"https:\/\/lcreation.fr\/wp-content\/uploads\/2016\/12\/12_image-600x400.jpg\" itemprop=\"thumbnail\" alt=\"\" \/>\n\t\t\t\t\t\t\t<\/a>\n\t\t\t\t\t\t\t\t\t\t\t\t\t\t<figcaption class=\"photoswipe-gallery-caption\" style=\"display:none;\">Super Mario joue dans le grenier (Super Mario Playing in the Attic)<\/figcaption>\n\n\t\t\t\t\t\t<\/figure>\n\t\t\t\t\t\t\t<\/div>\n\t\t<\/div>\n\t\t<div style='clear:both'><\/div>\n\n<p><\/p>","protected":false},"excerpt":{"rendered":"<p>Atmospheres Tracing Portraits Abstracts Pixel Art<\/p>\n","protected":false},"author":1,"featured_media":0,"parent":1180,"menu_order":0,"comment_status":"closed","ping_status":"closed","template":"","meta":[],"_links":{"self":[{"href":"https:\/\/lcreation.fr\/en\/wp-json\/wp\/v2\/pages\/1186"}],"collection":[{"href":"https:\/\/lcreation.fr\/en\/wp-json\/wp\/v2\/pages"}],"about":[{"href":"https:\/\/lcreation.fr\/en\/wp-json\/wp\/v2\/types\/page"}],"author":[{"embeddable":true,"href":"https:\/\/lcreation.fr\/en\/wp-json\/wp\/v2\/users\/1"}],"replies":[{"embeddable":true,"href":"https:\/\/lcreation.fr\/en\/wp-json\/wp\/v2\/comments?post=1186"}],"version-history":[{"count":18,"href":"https:\/\/lcreation.fr\/en\/wp-json\/wp\/v2\/pages\/1186\/revisions"}],"predecessor-version":[{"id":1490,"href":"https:\/\/lcreation.fr\/en\/wp-json\/wp\/v2\/pages\/1186\/revisions\/1490"}],"up":[{"embeddable":true,"href":"https:\/\/lcreation.fr\/en\/wp-json\/wp\/v2\/pages\/1180"}],"wp:attachment":[{"href":"https:\/\/lcreation.fr\/en\/wp-json\/wp\/v2\/media?parent=1186"}],"curies":[{"name":"wp","href":"https:\/\/api.w.org\/{rel}","templated":true}]}}