{"id":7,"date":"2012-01-05T20:02:07","date_gmt":"2012-01-05T20:02:07","guid":{"rendered":"http:\/\/192.168.0.10\/lepnpel\/?page_id=5"},"modified":"2015-11-09T20:26:21","modified_gmt":"2015-11-09T19:26:21","slug":"livre","status":"publish","type":"page","link":"http:\/\/lcreation.fr\/lepnpel\/","title":{"rendered":""},"content":{"rendered":"<h2 style=\"text-align: center;\">Pour la premi\u00e8re fois en amphi-\u00e9dition :<\/h2>\n<h1 style=\"font-size: 1.9em; text-align: center;\">Une fiction hyperr\u00e9aliste m\u00ealant politique, poulpes et philosophie post-structuraliste \u00e0 lire et diffuser gratuitement.<\/h1>\n<p style=\"text-align: center;\"><a title=\"La novella\" href=\"http:\/\/lcreation.fr\/lepnpel\/?page_id=44\"><img loading=\"lazy\" class=\"aligncenter wp-image-34 size-full\" title=\"lepnpel-logo\" src=\"http:\/\/lcreation.fr\/lepnpel\/wp-content\/uploads\/sites\/8\/2012\/01\/lepnpel-logo.jpg\" alt=\"Les \u00e9lections pr\u00e9sidentielles n'ont pas eu lieu\" width=\"1240\" height=\"1754\" \/><\/a><\/p>\n<h2 style=\"text-align: center;\"><a title=\"La novella\" href=\"http:\/\/lcreation.fr\/lepnpel\/?page_id=44\">T\u00e9l\u00e9charger et lire<\/a><\/h2>\n<p style=\"text-align: center;\"><strong>\u00ab Une histoire qui fera couler beaucoup d&rsquo;encre \u00bb<\/strong> &#8212; <em>Lib\u00e9ration<\/em><\/p>\n<p style=\"text-align: center;\"><strong>\u00ab \u00c9poustouflant, tentaculaire, gigantesque ! \u00bb<\/strong> &#8212; <em>Le Monde<\/em><\/p>\n<p style=\"text-align: center;\"><strong>\u00ab Du jamais lu \u00bb<\/strong> &#8212; Bernard Pivot<\/p>\n<p style=\"text-align: center;\"><strong>\u00ab Un m\u00e9ta-chef d&rsquo;\u0153uvre \u00bb<\/strong> &#8212; Jean Baudrillard<\/p>\n","protected":false},"excerpt":{"rendered":"<p>Pour la premi\u00e8re fois en amphi-\u00e9dition : Une fiction hyperr\u00e9aliste m\u00ealant politique, poulpes et philosophie post-structuraliste \u00e0 lire et diffuser gratuitement. T\u00e9l\u00e9charger et lire \u00ab Une histoire qui fera couler beaucoup d&rsquo;encre \u00bb &#8212; Lib\u00e9ration \u00ab \u00c9poustouflant, tentaculaire, gigantesque ! &hellip; <a href=\"http:\/\/lcreation.fr\/lepnpel\/\">Continuer la lecture <span class=\"meta-nav\">&rarr;<\/span><\/a><\/p>\n","protected":false},"author":1,"featured_media":0,"parent":0,"menu_order":0,"comment_status":"closed","ping_status":"closed","template":"","meta":[],"_links":{"self":[{"href":"http:\/\/lcreation.fr\/lepnpel\/wp-json\/wp\/v2\/pages\/7"}],"collection":[{"href":"http:\/\/lcreation.fr\/lepnpel\/wp-json\/wp\/v2\/pages"}],"about":[{"href":"http:\/\/lcreation.fr\/lepnpel\/wp-json\/wp\/v2\/types\/page"}],"author":[{"embeddable":true,"href":"http:\/\/lcreation.fr\/lepnpel\/wp-json\/wp\/v2\/users\/1"}],"replies":[{"embeddable":true,"href":"http:\/\/lcreation.fr\/lepnpel\/wp-json\/wp\/v2\/comments?post=7"}],"version-history":[{"count":1,"href":"http:\/\/lcreation.fr\/lepnpel\/wp-json\/wp\/v2\/pages\/7\/revisions"}],"predecessor-version":[{"id":92,"href":"http:\/\/lcreation.fr\/lepnpel\/wp-json\/wp\/v2\/pages\/7\/revisions\/92"}],"wp:attachment":[{"href":"http:\/\/lcreation.fr\/lepnpel\/wp-json\/wp\/v2\/media?parent=7"}],"curies":[{"name":"wp","href":"https:\/\/api.w.org\/{rel}","templated":true}]}}