{"id":55,"date":"2012-01-19T22:00:57","date_gmt":"2012-01-19T22:00:57","guid":{"rendered":"http:\/\/lcreation.fr\/lepnpel\/?page_id=55"},"modified":"2012-01-19T22:00:57","modified_gmt":"2012-01-19T22:00:57","slug":"extrait-2","status":"publish","type":"page","link":"http:\/\/lcreation.fr\/lepnpel\/extrait-2\/","title":{"rendered":"Extrait"},"content":{"rendered":"<h2 style=\"text-align: center\">3<\/h2>\n<p style=\"text-align: justify\">Au 10 rue de Solf\u00e9rino, le parti socialiste \u00e9tait en pleine \u00e9bullition. L\u2019histoire que j\u2019avais \u00e0 leur raconter s\u2019ajoutait \u00e0 la longue liste d\u2019\u00e9v\u00e9nements tordus de la journ\u00e9e. La plupart des membres pr\u00e9sents \u00e9taient rassembl\u00e9s dans la pi\u00e8ce aux trois t\u00e9l\u00e9s, allum\u00e9es en permanence sur diff\u00e9rentes cha\u00eenes pour les grands d\u00e9bats ou les soirs d\u2019\u00e9lection. Ils assistaient, impuissants, \u00e0 un d\u00e9fil\u00e9 d\u2019images irr\u00e9elles\u00a0: une br\u00e8ve qui relatait ma rencontre avec S\u00e9gol\u00e8ne Royal, disant que \u00ab\u00a0des promesses avaient \u00e9t\u00e9 faites lors de ce repas confidentiel\u00a0\u00bb.<\/p>\n<ul style=\"text-align: justify\">\n<li>Moi et S\u00e9gol\u00e8ne qui sortions du restaurant, souriants, assaillis de journalistes, nous dirigeant vers la Renault Velsatis.<\/li>\n<li>Fran\u00e7ois Bayrou, mort en bouffant des escargots \u00e0 la sauce b\u00e9arnaise, d\u00e9clarant qu\u2019il se retirait de la course \u00e0 la pr\u00e9sidence, avec des difficult\u00e9s d\u2019\u00e9locution \u00e0 cause des gast\u00e9ropodes en travers de sa gorge.<\/li>\n<li>Marine Le Pen glissant sur une limace, s\u2019explosant la t\u00eate sur le rebord d\u2019un trottoir. Et la voici sur une autre cha\u00eene, parlant d\u2019immigration avec la moiti\u00e9 du cr\u00e2ne \u00e9clat\u00e9, la cervelle luisant sous les projecteurs.<\/li>\n<li>Fran\u00e7ois Fillon mort d\u2019intoxication alimentaire apr\u00e8s avoir ing\u00e9r\u00e9 une hu\u00eetre. Puis le revoil\u00e0, le teint bleu\u00e2tre sur LCP Assembl\u00e9e Nationale, annon\u00e7ant sa d\u00e9mission et celle du gouvernement devant les d\u00e9put\u00e9s.<\/li>\n<li>Nicolas Sarkozy, n\u2019\u00e9tant pas remont\u00e9 \u00e0 la surface apr\u00e8s une plong\u00e9e en famille. Les recherches continuaient.<\/li>\n<\/ul>\n<p style=\"text-align: justify\">Et la liste ne faisait que s\u2019allonger. Un v\u00e9ritable carnage. \u00c0 ce rythme, je serais bient\u00f4t le dernier candidat vivant des pr\u00e9sidentielles, bien que j\u2019eusse \u00e9chapp\u00e9 de peu aux agissements l\u00e9taux des moules tireuses d\u2019\u00e9lite sur le plateau de Michel Drucker.<\/p>\n<p style=\"text-align: justify\">Je passais le reste de l\u2019apr\u00e8s-midi devant les \u00e9crans. De nombreux politiques p\u00e9rissaient \u00e0 cause d\u2019invert\u00e9br\u00e9s aux noms schmilblickiens. Pourtant, on pouvait les voir d\u00e9ambuler sur les plateaux de cha\u00eene concurrentes, le corps en d\u00e9composition, distribuant piques et petites phrases qui nourrissaient le pachyderme m\u00e9diatique. On les voyait d\u00e9barquer dans les grandes \u00e9missions-d\u00e9bats, se faisant ronger les orbites par des vers, alors qu\u2019on les avait mis en terre quelques jours auparavant. Des sc\u00e8nes impossibles, qui ne pouvaient avoir lieu, mais si elles \u00e9taient diffus\u00e9es, c\u2019\u00e9tait comme si elles s\u2019\u00e9taient pass\u00e9es, non\u00a0?<\/p>\n<p style=\"text-align: justify\">Et ce n\u2019\u00e9tait pas tout, nous recevions des coups de fils et des d\u00e9p\u00eaches du monde entier\u00a0: les politiques qui occupaient les plus hautes fonctions, et ceux qui les convoitaient, mouraient tous dans des accidents similaires sur l\u2019ensemble la plan\u00e8te. Les traces de mucus \u00e0 c\u00f4t\u00e9 des corps gisant sur le sol ne laissait aucun doute aux experts\u00a0: des mollusques avait fait le coup\u00a0! Le pouvoir \u00e9tait d\u00e9capit\u00e9 dans tous les pays et les politiques restant n\u2019essayaient m\u00eame pas d\u2019assurer l\u2019int\u00e9rim, de peur d\u2019y passer \u00e0 leur tour. Dans tous les partis politique, on \u00e9ditait des m\u00e9mos sur lesquels on prescrivait de fuir la nourriture maritime comme la peste.<\/p>\n<p style=\"text-align: justify\">Au PS, personne n\u2019avait la moindre id\u00e9e de ce qui se passait, et la peur \u00e9tait \u00e0 son comble. J\u2019avoue qu\u2019il y avait des raisons d\u2019avoir peur, mais voil\u00e0\u00a0: je n\u2019avais pas peur. Je me r\u00e9solus simplement \u00e0 accepter la direction que le monde avait prise. Nous avions toujours vu la r\u00e9alit\u00e9 comme une ligne droite dont on ne pouvait d\u00e9vier, et maintenant que cette ligne se courbait et s\u2019entortillait, par r\u00e9flexe nous voulions toujours aller droit dans le mur. Alors, j\u2019oubliai ce qui avait du sens pour un moment et me laissais d\u00e9river sur cette nouvelle voie que le monde avait emprunt\u00e9, curieux de voir les opportunit\u00e9s qu\u2019elle allait me r\u00e9server. Je sentais que ces \u00e9v\u00e9nements, que seul une pizza aux champignons hallucinog\u00e8nes dot\u00e9e d\u2019une conscience aurait pu imaginer, allaient se r\u00e9v\u00e9ler payants au final. Avec tous ces dirigeants morts, je pourrais acc\u00e9der en un rien de temps \u00e0 la fonction supr\u00eame de Ma\u00eetre du Monde, sans m\u00eame passer par la case pr\u00e9sident de la R\u00e9publique. M\u00eame si un de mes plus puissants alli\u00e9s n\u2019\u00e9tait plus.<\/p>\n<p style=\"text-align: justify\">En effet, les m\u00e9dias continuaient de pr\u00e9senter leurs informations de mani\u00e8re conventionnelle\u00a0: les pr\u00e9sentatrices lisaient leur prompteur d\u2019un ton lisse, ne d\u00e9tectant aucune anomalie dans les sujets qu\u2019elles lan\u00e7aient. Peu importe l\u2019absurdit\u00e9 de l\u2019\u00e9v\u00e9nement, les sentiments de terreurs et de folie n\u2019avaient pas leur place dans les reportages. La sph\u00e8re m\u00e9diatique \u00e9tait devenu un monde parall\u00e8le o\u00f9 les morts reprenaient vie, o\u00f9 l\u2019ampleur de nouvelles telles que l\u2019extinction de la classe dirigeante fran\u00e7aise n\u2019\u00e9tait plus prise en compte car elle mena\u00e7ait la survie du microcosme de l\u2019information. Les journalistes transformaient ces morceaux bruts de r\u00e9el en leur donnant un semblant d\u2019ordre, de ma\u00eetrise, de contr\u00f4le pour masquer une effroyable r\u00e9alit\u00e9\u00a0: le monde avait sombr\u00e9 dans le chaos, et les m\u00e9dias, d\u00e9connect\u00e9s de cette r\u00e9alit\u00e9, n\u2019avaient d\u2019autres choix que de s\u2019auto-pr\u00e9server, ou p\u00e9rir \u00e0 leur tour.<\/p>\n<p style=\"text-align: justify\">Je rentrai chez moi le soir, Brenda \u2014 appelons-l\u00e0 Brenda \u2014 y \u00e9tait rest\u00e9e enferm\u00e9e toute l\u2019apr\u00e8s-midi, si bien qu\u2019elle se rua sur moi d\u00e8s que j\u2019ouvris la porte. Elle m\u2019expliqua qu\u2019elle avait d\u2019abord \u00e9t\u00e9 furax que je la laisse ainsi en plan, mais qu\u2019au bout d\u2019une heure \u00e0 crier seule dans mon appartement de 600 m\u00e8tres carr\u00e9, elle s\u2019\u00e9tait faite une raison et s\u2019\u00e9tait content\u00e9e d\u2019allumer ma t\u00e9l\u00e9 LCD full HD\u00b2. Elle avait \u00e9t\u00e9 horrifi\u00e9e par ce qu\u2019elle y avait vu et son ressentiment avait laiss\u00e9 place \u00e0 de l\u2019inqui\u00e9tude. Ses mains n\u2019arr\u00eataient pas de me toucher (la panique devait le rendre tr\u00e8s tactile, d\u2019ailleurs elle pressait toujours la t\u00e9l\u00e9commande dans l\u2019autre main). Je me saisis de ses poignets et la for\u00e7ait \u00e0 capter mon regard. Je la sentis devenir toute chose sous mes yeux enj\u00f4leurs, je murmurai\u00a0: \u00ab\u00a0Je sais, je sais de quoi tu as besoin\u00a0\u00bb. Le moyen le plus s\u00fbr de la calmer \u00e9tait de lui donner le meilleur orgasme qu\u2019elle n\u2019ait jamais eu.<\/p>\n","protected":false},"excerpt":{"rendered":"<p>3 Au 10 rue de Solf\u00e9rino, le parti socialiste \u00e9tait en pleine \u00e9bullition. L\u2019histoire que j\u2019avais \u00e0 leur raconter s\u2019ajoutait \u00e0 la longue liste d\u2019\u00e9v\u00e9nements tordus de la journ\u00e9e. La plupart des membres pr\u00e9sents \u00e9taient rassembl\u00e9s dans la pi\u00e8ce aux &hellip; <a href=\"http:\/\/lcreation.fr\/lepnpel\/extrait-2\/\">Continuer la lecture <span class=\"meta-nav\">&rarr;<\/span><\/a><\/p>\n","protected":false},"author":1,"featured_media":0,"parent":0,"menu_order":0,"comment_status":"open","ping_status":"open","template":"","meta":[],"_links":{"self":[{"href":"http:\/\/lcreation.fr\/lepnpel\/wp-json\/wp\/v2\/pages\/55"}],"collection":[{"href":"http:\/\/lcreation.fr\/lepnpel\/wp-json\/wp\/v2\/pages"}],"about":[{"href":"http:\/\/lcreation.fr\/lepnpel\/wp-json\/wp\/v2\/types\/page"}],"author":[{"embeddable":true,"href":"http:\/\/lcreation.fr\/lepnpel\/wp-json\/wp\/v2\/users\/1"}],"replies":[{"embeddable":true,"href":"http:\/\/lcreation.fr\/lepnpel\/wp-json\/wp\/v2\/comments?post=55"}],"version-history":[{"count":0,"href":"http:\/\/lcreation.fr\/lepnpel\/wp-json\/wp\/v2\/pages\/55\/revisions"}],"wp:attachment":[{"href":"http:\/\/lcreation.fr\/lepnpel\/wp-json\/wp\/v2\/media?parent=55"}],"curies":[{"name":"wp","href":"https:\/\/api.w.org\/{rel}","templated":true}]}}