{"id":44,"date":"2012-01-19T20:43:55","date_gmt":"2012-01-19T20:43:55","guid":{"rendered":"http:\/\/lcreation.fr\/lepnpel\/?page_id=44"},"modified":"2012-01-19T20:43:55","modified_gmt":"2012-01-19T20:43:55","slug":"la-novella","status":"publish","type":"page","link":"http:\/\/lcreation.fr\/lepnpel\/la-novella\/","title":{"rendered":"La novella"},"content":{"rendered":"<h2>Synopsis<\/h2>\n<p style=\"text-align: justify\"><em>S\u00e9gol\u00e8ne Royal a une nouvelle fois \u00e9t\u00e9 choisie pour repr\u00e9senter le Parti Socialiste lors de la campagne pr\u00e9sidentielle 2012, mais \u00e9prouvant des difficult\u00e9s, elle fait appel \u00e0 un jeune loup sorti de l&rsquo;ENA pour redresser sa popularit\u00e9 en d\u00e9clin. Celui-ci voit cette opportunit\u00e9 comme un tremplin vers les fonctions ultimes, mais il sera bient\u00f4t t\u00e9moin d&rsquo;une vague de meurtres de responsables politiques par des mollusques extraterrestres qui vont remettre en cause sa perception de la r\u00e9alit\u00e9.<\/em><\/p>\n<p style=\"text-align: justify\">Dans cette novella hyst\u00e9rique aux accents postmodernes, soyez pr\u00eats \u00e0 renoncer \u00e0 toutes les conceptions que vous avez sur la politique, la fiction, la r\u00e9alit\u00e9 et les poulpes. Violence gratuite, r\u00e9f\u00e9rences obscures, concepts philosophiques alambiqu\u00e9s et Michel Drucker en guest-star sont r\u00e9unis dans cette \u00e9pop\u00e9e gluante qui transcende les genres.<\/p>\n<p>74 pages, 23 300 mots, 141 000 caract\u00e8res.<\/p>\n<ul>\n<li><a title=\"Extrait\" href=\"http:\/\/lcreation.fr\/lepnpel\/?page_id=55\">Lire un extrait<\/a><\/li>\n<li><a title=\"Les \u00e9lections pr\u00e9sidentielles n'ont pas eu lieu (HTML)\" href=\"http:\/\/lcreation.fr\/lepnpel\/wp-content\/plugins\/download-monitor\/download.php?id=2\">Lire au format HTML<\/a><\/li>\n<li><a title=\"Les \u00e9lections pr\u00e9sidentielles n'ont pas eu lieu (PDF)\" href=\"http:\/\/lcreation.fr\/lepnpel\/wp-content\/plugins\/download-monitor\/download.php?id=1\">T\u00e9l\u00e9charger <em>Les \u00e9lections pr\u00e9sidentielles n&rsquo;ont pas eu lieu <\/em>au format PDF<\/a><\/li>\n<li><a title=\"Les \u00e9lections pr\u00e9sidentielles n'ont pas eu lieu (ePub)\" href=\"http:\/\/lcreation.fr\/lepnpel\/wp-content\/plugins\/download-monitor\/download.php?id=3\">T\u00e9l\u00e9charger <em>Les \u00e9lections pr\u00e9sidentielles n&rsquo;ont pas eu lieu <\/em>au format ePub<\/a> (pour liseuses \u00e9lectroniques)<\/li>\n<\/ul>\n<h3 style=\"text-align: center\">Soutenez le renouveau de la fiction Fran\u00e7ais<\/h3>\n<form style=\"text-align: center\" action=\"https:\/\/www.paypal.com\/cgi-bin\/webscr\" method=\"post\">   <img loading=\"lazy\" class=\"aligncenter\" src=\"https:\/\/www.paypalobjects.com\/fr_FR\/i\/scr\/pixel.gif\" alt=\"\" width=\"1\" height=\"1\" border=\"0\" \/><\/form>\n","protected":false},"excerpt":{"rendered":"<p>Synopsis S\u00e9gol\u00e8ne Royal a une nouvelle fois \u00e9t\u00e9 choisie pour repr\u00e9senter le Parti Socialiste lors de la campagne pr\u00e9sidentielle 2012, mais \u00e9prouvant des difficult\u00e9s, elle fait appel \u00e0 un jeune loup sorti de l&rsquo;ENA pour redresser sa popularit\u00e9 en d\u00e9clin. &hellip; <a href=\"http:\/\/lcreation.fr\/lepnpel\/la-novella\/\">Continuer la lecture <span class=\"meta-nav\">&rarr;<\/span><\/a><\/p>\n","protected":false},"author":1,"featured_media":0,"parent":0,"menu_order":0,"comment_status":"open","ping_status":"closed","template":"","meta":[],"_links":{"self":[{"href":"http:\/\/lcreation.fr\/lepnpel\/wp-json\/wp\/v2\/pages\/44"}],"collection":[{"href":"http:\/\/lcreation.fr\/lepnpel\/wp-json\/wp\/v2\/pages"}],"about":[{"href":"http:\/\/lcreation.fr\/lepnpel\/wp-json\/wp\/v2\/types\/page"}],"author":[{"embeddable":true,"href":"http:\/\/lcreation.fr\/lepnpel\/wp-json\/wp\/v2\/users\/1"}],"replies":[{"embeddable":true,"href":"http:\/\/lcreation.fr\/lepnpel\/wp-json\/wp\/v2\/comments?post=44"}],"version-history":[{"count":0,"href":"http:\/\/lcreation.fr\/lepnpel\/wp-json\/wp\/v2\/pages\/44\/revisions"}],"wp:attachment":[{"href":"http:\/\/lcreation.fr\/lepnpel\/wp-json\/wp\/v2\/media?parent=44"}],"curies":[{"name":"wp","href":"https:\/\/api.w.org\/{rel}","templated":true}]}}