{"id":13,"date":"2012-01-05T21:24:23","date_gmt":"2012-01-05T21:24:23","guid":{"rendered":"http:\/\/192.168.0.10\/lepnpel\/?page_id=13"},"modified":"2012-01-05T21:24:23","modified_gmt":"2012-01-05T21:24:23","slug":"lance-turnover","status":"publish","type":"page","link":"http:\/\/lcreation.fr\/lepnpel\/lance-turnover\/","title":{"rendered":"Lance Turnover"},"content":{"rendered":"<p style=\"text-align: justify\">Lance Turnover est un \u00e9cossais m\u00e9galomane misanthrope de 73 ans qui vit en ermite dans un manoir au bord d&rsquo;un loch tenu secret. Il est devenu m\u00e9diatis\u00e9 apr\u00e8s s&rsquo;\u00eatre fait naturaliser am\u00e9ricain pour aller \u00ab\u00a0casser du vi\u00e9t&rsquo;\u00a0\u00bb d&rsquo;apr\u00e8s ses mots. Une des rares preuves de son existence serait une photo floue datant de sa conscription dans l&rsquo;arm\u00e9e. A la base fervent anti-communiste, il serait revenu de la guerre du Vietnam compl\u00e8tement d\u00e9sabus\u00e9, et aurait acquis depuis ce jour un d\u00e9dain profond pour l&rsquo;humanit\u00e9 tout enti\u00e8re. C&rsquo;est ce qui l&rsquo;aurait pouss\u00e9 \u00e0 \u00e9crire cette novella qui exprime haut et fort sa vision de l&rsquo;humanit\u00e9.<\/p>\n<p style=\"text-align: justify\">Il esp\u00e8re que sa haine touchera le plus large auditoire possible.<\/p>\n","protected":false},"excerpt":{"rendered":"<p>Lance Turnover est un \u00e9cossais m\u00e9galomane misanthrope de 73 ans qui vit en ermite dans un manoir au bord d&rsquo;un loch tenu secret. Il est devenu m\u00e9diatis\u00e9 apr\u00e8s s&rsquo;\u00eatre fait naturaliser am\u00e9ricain pour aller \u00ab\u00a0casser du vi\u00e9t&rsquo;\u00a0\u00bb d&rsquo;apr\u00e8s ses mots. &hellip; <a href=\"http:\/\/lcreation.fr\/lepnpel\/lance-turnover\/\">Continuer la lecture <span class=\"meta-nav\">&rarr;<\/span><\/a><\/p>\n","protected":false},"author":1,"featured_media":0,"parent":0,"menu_order":0,"comment_status":"closed","ping_status":"closed","template":"","meta":[],"_links":{"self":[{"href":"http:\/\/lcreation.fr\/lepnpel\/wp-json\/wp\/v2\/pages\/13"}],"collection":[{"href":"http:\/\/lcreation.fr\/lepnpel\/wp-json\/wp\/v2\/pages"}],"about":[{"href":"http:\/\/lcreation.fr\/lepnpel\/wp-json\/wp\/v2\/types\/page"}],"author":[{"embeddable":true,"href":"http:\/\/lcreation.fr\/lepnpel\/wp-json\/wp\/v2\/users\/1"}],"replies":[{"embeddable":true,"href":"http:\/\/lcreation.fr\/lepnpel\/wp-json\/wp\/v2\/comments?post=13"}],"version-history":[{"count":0,"href":"http:\/\/lcreation.fr\/lepnpel\/wp-json\/wp\/v2\/pages\/13\/revisions"}],"wp:attachment":[{"href":"http:\/\/lcreation.fr\/lepnpel\/wp-json\/wp\/v2\/media?parent=13"}],"curies":[{"name":"wp","href":"https:\/\/api.w.org\/{rel}","templated":true}]}}