{"id":410,"date":"2014-02-17T09:24:30","date_gmt":"2014-02-17T08:24:30","guid":{"rendered":"http:\/\/lcreation.fr\/?page_id=410"},"modified":"2017-01-04T22:35:52","modified_gmt":"2017-01-04T21:35:52","slug":"romans","status":"publish","type":"page","link":"http:\/\/lcreation.fr\/en\/ecrits\/romans\/","title":{"rendered":"Novellas"},"content":{"rendered":"<h2>Mistral et tramontane<\/h2>\n<p>2014 \u2013 SF \u2013 18 000 mots<\/p>\n<p>En recherche d&#8217;\u00e9diteur<\/p>\n<p><em>Nous suivons Patrick, jeune th\u00e9sard de 25 ans qui \u00e9tudie les effets de la m\u00e9t\u00e9o sur la psych\u00e9. N&#8217;arrivant pas \u00e0 trouver de sujet de th\u00e8se et de structure pour l&#8217;accueillir, il se retrouve dans une situation financi\u00e8re difficile.<\/em><\/p>\n<p><em>Un beau jour, il se fait appeler par Marc Dubollier, le patron d&#8217;une entreprise innovante qui s&#8217;est pench\u00e9e sur ses recherches et veut monter un projet innovant avec son aide. <\/em><em>Il s&#8217;agirait de produire des &#8220;filtres&#8221; pouvant modifier l&#8217;apparence du climat ext\u00e9rieur gr\u00e2ce \u00e0 des \u00e9crans nanotechnologiques recouvrant enti\u00e8rement les vitres et les fen\u00eatres. <\/em><em>Dubollier voit en effet un march\u00e9 potentiel dans le fait d&#8217;agir sur le moral des gens via la perception qu&#8217;ils ont du climat ext\u00e9rieur.<\/em><\/p>\n<p><em>Seulement, faute de temps, les tests devront se faire sur les employ\u00e9s de l&#8217;entreprise sans leur consentement, ce qui posera de s\u00e9rieux probl\u00e8mes \u00e9thiques \u00e0 Patrick, pris entre son travail de chercheur et les desiderata de son employeur.<\/em><\/p>\n<h2>Les \u00e9lections pr\u00e9sidentielles n&#8217;ont pas eu lieu<\/h2>\n<p>2012 \u2013 SF\/fantastique \u2013 23 300 mots \u2013 <a title=\"Les \u00c9lections pr\u00e9sidentielles n'ont pas eu lieu\" href=\"http:\/\/lcreation.fr\/lepnpel\">auto-\u00e9dition<\/a><\/p>\n<p><a href=\"http:\/\/lcreation.fr\/lepnpel\"><img loading=\"lazy\" class=\"alignnone size-full wp-image-173\" src=\"http:\/\/lcreation.fr\/wp-content\/uploads\/2013\/08\/lepnpel-logo-e13791613708421.jpg\" alt=\"Une fiction hyperr\u00e9aliste m\u00ealant politique, poulpes et philosophie post-structuraliste \u00e0 lire et diffuser gratuitement.\" width=\"640\" height=\"906\" srcset=\"http:\/\/lcreation.fr\/wp-content\/uploads\/2013\/08\/lepnpel-logo-e13791613708421.jpg 640w, http:\/\/lcreation.fr\/wp-content\/uploads\/2013\/08\/lepnpel-logo-e13791613708421-381x540.jpg 381w, http:\/\/lcreation.fr\/wp-content\/uploads\/2013\/08\/lepnpel-logo-e13791613708421-424x600.jpg 424w, http:\/\/lcreation.fr\/wp-content\/uploads\/2013\/08\/lepnpel-logo-e13791613708421-353x500.jpg 353w\" sizes=\"(max-width: 640px) 100vw, 640px\" \/><\/a><\/p>\n<p>&nbsp;<\/p>\n","protected":false},"excerpt":{"rendered":"<p>Mistral et tramontane 2014 \u2013 SF \u2013 18 000 mots En recherche d&#8217;\u00e9diteur Nous suivons Patrick, jeune th\u00e9sard de 25 ans qui \u00e9tudie les effets de la m\u00e9t\u00e9o sur la psych\u00e9. N&#8217;arrivant pas \u00e0 trouver de sujet de th\u00e8se et de structure pour l&#8217;accueillir, il se retrouve dans une situation financi\u00e8re difficile. Un beau jour, [&hellip;]<\/p>\n","protected":false},"author":1,"featured_media":0,"parent":220,"menu_order":0,"comment_status":"closed","ping_status":"closed","template":"","meta":[],"_links":{"self":[{"href":"http:\/\/lcreation.fr\/en\/wp-json\/wp\/v2\/pages\/410"}],"collection":[{"href":"http:\/\/lcreation.fr\/en\/wp-json\/wp\/v2\/pages"}],"about":[{"href":"http:\/\/lcreation.fr\/en\/wp-json\/wp\/v2\/types\/page"}],"author":[{"embeddable":true,"href":"http:\/\/lcreation.fr\/en\/wp-json\/wp\/v2\/users\/1"}],"replies":[{"embeddable":true,"href":"http:\/\/lcreation.fr\/en\/wp-json\/wp\/v2\/comments?post=410"}],"version-history":[{"count":7,"href":"http:\/\/lcreation.fr\/en\/wp-json\/wp\/v2\/pages\/410\/revisions"}],"predecessor-version":[{"id":1290,"href":"http:\/\/lcreation.fr\/en\/wp-json\/wp\/v2\/pages\/410\/revisions\/1290"}],"up":[{"embeddable":true,"href":"http:\/\/lcreation.fr\/en\/wp-json\/wp\/v2\/pages\/220"}],"wp:attachment":[{"href":"http:\/\/lcreation.fr\/en\/wp-json\/wp\/v2\/media?parent=410"}],"curies":[{"name":"wp","href":"https:\/\/api.w.org\/{rel}","templated":true}]}}