{"id":1428,"date":"2019-05-12T16:31:39","date_gmt":"2019-05-12T15:31:39","guid":{"rendered":"http:\/\/lcreation.fr\/?page_id=1428"},"modified":"2021-10-04T14:55:03","modified_gmt":"2021-10-04T13:55:03","slug":"glitch-art","status":"publish","type":"page","link":"http:\/\/lcreation.fr\/en\/art-numerique\/glitch-art\/","title":{"rendered":"Glitch Pop"},"content":{"rendered":"\n<p><\/p>\n\n\n\n<p>S\u00e9ries d&#8217;images de 9 pop stars o\u00f9 j&#8217;ai introduit sciemment des erreurs dans l&#8217;algorithme de compression pour obtenir des effets color\u00e9s et destructur\u00e9s sur certaines zones de l&#8217;image.<\/p>\n<p><a class=\"single_photoswipe\" data-size=\"2048x1421\" href=\"http:\/\/lcreation.fr\/wp-content\/uploads\/2021\/06\/glitchpop-rs.jpg\"><img loading=\"lazy\" class=\"aligncenter wp-image-1471 size-full\" src=\"http:\/\/lcreation.fr\/wp-content\/uploads\/2021\/06\/glitchpop-rs.jpg\" alt=\"Glitch Pop, Laurent Crevon\" width=\"2048\" height=\"1421\"><\/a><\/p>\n<p>Image individuelle : 20 x 30 cm<\/p>\n<p>Ensemble : 70 x 100 cm<\/p>\n\n\n\n<h2><\/h2>\n","protected":false},"excerpt":{"rendered":"<p>S\u00e9ries d&#8217;images de 9 pop stars o\u00f9 j&#8217;ai introduit sciemment des erreurs dans l&#8217;algorithme de compression pour obtenir des effets color\u00e9s et destructur\u00e9s sur certaines zones de l&#8217;image. Image individuelle : 20 x 30 cm Ensemble : 70 x 100 cm<\/p>\n","protected":false},"author":1,"featured_media":0,"parent":15,"menu_order":0,"comment_status":"closed","ping_status":"closed","template":"","meta":[],"_links":{"self":[{"href":"http:\/\/lcreation.fr\/en\/wp-json\/wp\/v2\/pages\/1428"}],"collection":[{"href":"http:\/\/lcreation.fr\/en\/wp-json\/wp\/v2\/pages"}],"about":[{"href":"http:\/\/lcreation.fr\/en\/wp-json\/wp\/v2\/types\/page"}],"author":[{"embeddable":true,"href":"http:\/\/lcreation.fr\/en\/wp-json\/wp\/v2\/users\/1"}],"replies":[{"embeddable":true,"href":"http:\/\/lcreation.fr\/en\/wp-json\/wp\/v2\/comments?post=1428"}],"version-history":[{"count":10,"href":"http:\/\/lcreation.fr\/en\/wp-json\/wp\/v2\/pages\/1428\/revisions"}],"predecessor-version":[{"id":1510,"href":"http:\/\/lcreation.fr\/en\/wp-json\/wp\/v2\/pages\/1428\/revisions\/1510"}],"up":[{"embeddable":true,"href":"http:\/\/lcreation.fr\/en\/wp-json\/wp\/v2\/pages\/15"}],"wp:attachment":[{"href":"http:\/\/lcreation.fr\/en\/wp-json\/wp\/v2\/media?parent=1428"}],"curies":[{"name":"wp","href":"https:\/\/api.w.org\/{rel}","templated":true}]}}