{"id":1067,"date":"2016-03-11T17:31:16","date_gmt":"2016-03-11T16:31:16","guid":{"rendered":"http:\/\/lcreation.fr\/?page_id=1067"},"modified":"2021-03-18T11:25:17","modified_gmt":"2021-03-18T10:25:17","slug":"blocus-total","status":"publish","type":"page","link":"http:\/\/lcreation.fr\/en\/blocus-total\/","title":{"rendered":"BLOCUS TOTAL"},"content":{"rendered":"<p><\/p>\n<h2>Roman dystopique de r\u00e9volte lyc\u00e9enne<\/h2>\n<p>Paru le 17 janvier 2018 aux \u00e9ditions <a href=\"http:\/\/www.editions-la-liseuse.fr\/\">La Liseuse<\/a><\/p>\n<p><span style=\"color: #ff0000;\"><strong><a style=\"color: #ff0000;\" href=\"https:\/\/www.amazon.fr\/gp\/offer-listing\/2371080853\/ref=tmm_pap_new_olp_0?ie=UTF8&amp;condition=new&amp;qid=1616062733&amp;sr=8-1\">\u21d2 Acheter<\/a><\/strong><\/span><\/p>\n<h3 style=\"text-align: justify;\">R\u00e9sum\u00e9<\/h3>\n<p style=\"text-align: justify;\"><img loading=\"lazy\" class=\"alignright size-full wp-image-1355\" src=\"http:\/\/lcreation.fr\/wp-content\/uploads\/2016\/03\/Blocus-total.jpg\" alt=\"Couverture du livre\" width=\"400\" height=\"603\" srcset=\"http:\/\/lcreation.fr\/wp-content\/uploads\/2016\/03\/Blocus-total.jpg 400w, http:\/\/lcreation.fr\/wp-content\/uploads\/2016\/03\/Blocus-total-358x540.jpg 358w, http:\/\/lcreation.fr\/wp-content\/uploads\/2016\/03\/Blocus-total-398x600.jpg 398w\" sizes=\"(max-width: 400px) 100vw, 400px\" \/>Le lyc\u00e9e <strong>Jacques Chirac<\/strong> est un lyc\u00e9e d&#8217;un nouveau genre. Semi-privatis\u00e9, la s\u00e9curit\u00e9 y est assur\u00e9 par des vigiles et des cam\u00e9ras de surveillance. \u00c0 sa t\u00eate se trouve Charles Friton, un ancien gendarme. La r\u00e9ussite de son bilan permettra au gouvernement de g\u00e9n\u00e9raliser ce type d&#8217;\u00e9tablissement sur le territoire. C&#8217;\u00e9tait sans compter sur Xavier, un \u00e9l\u00e8ve turbulent de terminale, qui, apr\u00e8s un manquement de trop au r\u00e8glement int\u00e9rieur, va se voir infliger la sanction ultime \u00e0 la disposition du proviseur : l\u2019interdiction de passer le bac. Bien d\u00e9cider \u00e0 se venger, Xavier va s\u2019inspirer de la <strong>mobilisation \u00e9tudiante<\/strong> qui a lieu dans sa ville pour <strong>bloquer son lyc\u00e9e<\/strong>.<\/p>\n<p style=\"text-align: justify;\">Sans le savoir, son initiative va provoquer des remous jusque dans les plus hautes instances de l\u2019\u00c9tat qui vont tout faire pour <strong>court-circuiter<\/strong> le mouvement qu\u2019il a cr\u00e9\u00e9. S\u2019ensuivra une lutte de pouvoir entre le gouvernement d&#8217;un c\u00f4t\u00e9, et les \u00e9tudiants et lyc\u00e9ens mobilis\u00e9s de l&#8217;autre.<\/p>\n<p style=\"text-align: justify;\">En parall\u00e8le, nous suivons le cheminement de David, un ado r\u00e9serv\u00e9 et taciturne qui, confront\u00e9 \u00e0 un <strong>\u00e9chec amoureux<\/strong>, va voir son immobilisme et sa passivit\u00e9 remise en cause par les \u00e9v\u00e9nements exceptionnels qui se d\u00e9roulent autour de lui.<\/p>\n<h3 style=\"text-align: justify;\">Influences<\/h3>\n<p>Si je devais r\u00e9sumer le roman avec une formule marketing bancale, je le d\u00e9crirais comme un m\u00e9lange d&#8217;<strong>American Pie<\/strong> avec un \u00e9pisode de <strong>The Wire<\/strong>. Il est question d\u2019amiti\u00e9, de rivalit\u00e9s lyc\u00e9ennes, de relations sentimentales au sein d&#8217;une intrigue portant sur un mouvement social et ses implications politiques et m\u00e9diatiques.<\/p>\n<p>Au niveau de mes influences, on peut signaler :<\/p>\n<p><strong>\u2013 1984<\/strong> pour l&#8217;ambiance totalitaire et la surveillance g\u00e9n\u00e9ralis\u00e9e<\/p>\n<p>\u2013 Les <strong>teen-movies<\/strong>, pour les intrigues de clans au lyc\u00e9e et les histoires sentimentales d&#8217;adolescents<\/p>\n<p>\u2013 Les s\u00e9ries <strong>HBO<\/strong> (The Wire, <strong>Six Feet Under<\/strong>, <strong>The Sopranos<\/strong>&#8230;) pour le c\u00f4t\u00e9 r\u00e9aliste et la volont\u00e9 d&#8217;explorer des sujets complexes.<\/p>\n<p>J&#8217;ai moi-m\u00eame bloqu\u00e9 mon lyc\u00e9e et ma fac lors de mouvements contre le <strong>CPE<\/strong> et la <strong>LRU<\/strong>.<\/p>\n<p>Pour vous faire une id\u00e9e du style, des personnages et de l&#8217;histoire, vous pouvez lire <a href=\"http:\/\/lcreation.fr\/blocustotal\/blocus_total_chapitre_8.pdf\" target=\"_blank\" rel=\"noopener noreferrer\">l&#8217;int\u00e9gralit\u00e9 du chapitre 8<\/a>.<\/p>\n<h3 style=\"text-align: justify;\">Histoire du projet<\/h3>\n<p>Comme beaucoup d&#8217;autres adolescents, j&#8217;ai v\u00e9cu le lyc\u00e9e comme un m\u00e9lange d&#8217;anxi\u00e9t\u00e9 sociale et de routine plombante, mais lorsque certaines personnes prirent l&#8217;initiative de le bloquer lors de la <strong>mobilisation<\/strong> contre le <strong>CPE<\/strong> en 2006, ce fut la lib\u00e9ration. C&#8217;est la premi\u00e8re fois que je sortais hors du cadre impos\u00e9 et que je vivais quelque chose de radicalement diff\u00e9rent. J&#8217;ai \u00e9t\u00e9 tellement marqu\u00e9 par l&#8217;effervescence, l&#8217;intensit\u00e9 et la richesse sociale de l&#8217;exp\u00e9rience que je devais la raconter sous une forme longue.<\/p>\n<p>Maintes fois retard\u00e9 \u00e0 cause de mes \u00e9tudes, puis de mon travail, j&#8217;ai finalement eu le temps d&#8217;\u00e9crire apr\u00e8s avoir quitt\u00e9 mon emploi. Avec le recul que j&#8217;avais maintenant sur cette p\u00e9riode, il n&#8217;\u00e9tait pas question de faire une autobiographie. Pour toucher \u00e0 des th\u00e8mes un peu plus g\u00e9n\u00e9raux que ma petite exp\u00e9rience personnelle, je pr\u00e9f\u00e9rais cr\u00e9er des personnages et inventer une histoire o\u00f9 je pourrais parler d&#8217;<strong>ali\u00e9nation<\/strong>, de <strong>propagande<\/strong>, d&#8217;opportunisme <strong>politique<\/strong>, tout en r\u00e9fl\u00e9chissant sur les sentiments et les relations qui nous animent \u00e0 cet \u00e2ge-l\u00e0. Le plus gros du travail a \u00e9t\u00e9 l&#8217;\u00e9criture du roman lui-m\u00eame, et j&#8217;ai ensuite tent\u00e9 de le publier par la voie classique des maisons d&#8217;\u00e9dition.<\/p>\n<p>Envoyer un premier roman \u00e0 des \u00e9diteurs, c&#8217;est un peu comme jeter une bouteille \u00e0 la mer : les chances de se faire publier sont infimes. Sur les 18 envois que j&#8217;ai faits, 9 m&#8217;ont r\u00e9pondu n\u00e9gativement, mais quand je ne recevais pas une lettre type, il louait ses <strong>qualit\u00e9s<\/strong> mais ne pouvait pas le publier car il ne rentrait pas dans une de leur <strong>ligne \u00e9ditoriale<\/strong>, par exemple :<\/p>\n<blockquote><p><em>bons et fr\u00e9quents dialogues, finesse de compr\u00e9hension des rapports adolescents, des influences, des changements, et une mise en sc\u00e8ne de la r\u00e9volte tout \u00e0 fait pertinente.<\/em><\/p>\n<p>\u2014 Tibo B\u00e9rard, \u00e9diteur aux <strong>\u00c9ditions Sarbacane<\/strong><\/p><\/blockquote>\n<p>J&#8217;attends toujours les 9 autres r\u00e9ponses, mais je ne compte pas faire cela \u00e9ternellement. L&#8217;\u00e9dition classique a besoin d&#8217;un retour sur investissement, et pour cela les romans doivent rentrer dans des cases garanties de toucher un large public (fantasy, <strong>SF<\/strong>, <strong>romance<\/strong>, etc.) Comme ce n&#8217;est pas le cas pour mon roman, o\u00f9 j&#8217;ai pioch\u00e9 dans diff\u00e9rents genres, j&#8217;ai pr\u00e9f\u00e8r\u00e9 prendre les choses en main en le publiant moi-m\u00eame.<\/p>\n<p>Article paru dans <strong>Centre Presse<\/strong> du 11 novembre 2015 :<\/p>\n<p><a class=\"single_photoswipe\" href=\"http:\/\/lcreation.fr\/wp-content\/uploads\/2016\/03\/Centre-Presse_11112015_N.jpg\" rel=\"attachment wp-att-1076\" data-size=\"1209x1249\"><img loading=\"lazy\" class=\"alignnone wp-image-1076\" src=\"http:\/\/lcreation.fr\/wp-content\/uploads\/2016\/03\/Centre-Presse_11112015_N.jpg\" alt=\"BLOCUS TOTAL Centre presse\" width=\"820\" height=\"847\" srcset=\"http:\/\/lcreation.fr\/wp-content\/uploads\/2016\/03\/Centre-Presse_11112015_N.jpg 1209w, http:\/\/lcreation.fr\/wp-content\/uploads\/2016\/03\/Centre-Presse_11112015_N-523x540.jpg 523w, http:\/\/lcreation.fr\/wp-content\/uploads\/2016\/03\/Centre-Presse_11112015_N-1045x1080.jpg 1045w, http:\/\/lcreation.fr\/wp-content\/uploads\/2016\/03\/Centre-Presse_11112015_N-581x600.jpg 581w, http:\/\/lcreation.fr\/wp-content\/uploads\/2016\/03\/Centre-Presse_11112015_N-484x500.jpg 484w\" sizes=\"(max-width: 820px) 100vw, 820px\" \/><\/a><\/p>","protected":false},"excerpt":{"rendered":"<p>Roman dystopique de r\u00e9volte lyc\u00e9enne Paru le 17 janvier 2018 aux \u00e9ditions La Liseuse \u21d2 Acheter R\u00e9sum\u00e9 Le lyc\u00e9e Jacques Chirac est un lyc\u00e9e d&#8217;un nouveau genre. Semi-privatis\u00e9, la s\u00e9curit\u00e9 y est assur\u00e9 par des vigiles et des cam\u00e9ras de surveillance. \u00c0 sa t\u00eate se trouve Charles Friton, un ancien gendarme. La r\u00e9ussite de son [&hellip;]<\/p>\n","protected":false},"author":1,"featured_media":0,"parent":0,"menu_order":0,"comment_status":"closed","ping_status":"closed","template":"","meta":[],"_links":{"self":[{"href":"http:\/\/lcreation.fr\/en\/wp-json\/wp\/v2\/pages\/1067"}],"collection":[{"href":"http:\/\/lcreation.fr\/en\/wp-json\/wp\/v2\/pages"}],"about":[{"href":"http:\/\/lcreation.fr\/en\/wp-json\/wp\/v2\/types\/page"}],"author":[{"embeddable":true,"href":"http:\/\/lcreation.fr\/en\/wp-json\/wp\/v2\/users\/1"}],"replies":[{"embeddable":true,"href":"http:\/\/lcreation.fr\/en\/wp-json\/wp\/v2\/comments?post=1067"}],"version-history":[{"count":22,"href":"http:\/\/lcreation.fr\/en\/wp-json\/wp\/v2\/pages\/1067\/revisions"}],"predecessor-version":[{"id":1467,"href":"http:\/\/lcreation.fr\/en\/wp-json\/wp\/v2\/pages\/1067\/revisions\/1467"}],"wp:attachment":[{"href":"http:\/\/lcreation.fr\/en\/wp-json\/wp\/v2\/media?parent=1067"}],"curies":[{"name":"wp","href":"https:\/\/api.w.org\/{rel}","templated":true}]}}